{"id":682,"date":"2015-04-14T10:13:09","date_gmt":"2015-04-14T10:13:09","guid":{"rendered":"http:\/\/ar.mijnwebsitestatus.nl\/home\/?lang=de"},"modified":"2015-12-10T08:50:42","modified_gmt":"2015-12-10T07:50:42","slug":"home","status":"publish","type":"page","link":"http:\/\/rensink.nl\/de\/","title":{"rendered":"Home"},"content":{"rendered":"<div id=\"pl-682\"  class=\"panel-layout\" ><div id=\"pg-682-0\"  class=\"panel-grid panel-has-style\" ><div class=\"jumbotron-overlap panel-row-style panel-row-style-for-682-0\" ><div id=\"pgc-682-0-0\"  class=\"panel-grid-cell\" ><div id=\"panel-682-0-0-0\" class=\"so-panel widget widget_black-studio-tinymce widget_black_studio_tinymce panel-first-child panel-last-child\" data-index=\"0\" ><div class=\"featured-widget panel-widget-style panel-widget-style-for-682-0-0-0\" ><h3 class=\"widget-title\"><span class=\"widget-title__inline\">Wilkommen zu Rensink!<\/span><\/h3><div class=\"textwidget\"><p>Wilkommen auf der Website der Firma Rensink Almelo BV. Das dynamische Familienunternehmen basiert auf den Grundwerten Qualit\u00e4t, Engagement und Zuverl\u00e4ssigkeit. Die Kernaktivit\u00e4ten umfassen Sondertransporte, industrielle Montage und industrielle Umz\u00fcge. Rensink Almelo BV ist dank kundenorientierter L\u00f6sungen und des Angebots von Ma\u00dfarbeit innerhalb des eigenen Marktbereichs \u00e4u\u00dferst erfolgreich.<\/p>\n<p><a href=\"http:\/\/www.rensink.nl\/de\/over-ons\/\" class=\"read-more\">Lesen Sie mehr<\/a><\/p>\n<\/div><\/div><\/div><\/div><div id=\"pgc-682-0-1\"  class=\"panel-grid-cell\" ><div id=\"panel-682-0-1-0\" class=\"so-panel widget widget_pw_featured_page widget-featured-page panel-first-child panel-last-child\" data-index=\"1\" >\n\n\t<div class=\"page-box  page-box--block\">\n\t\t\t<a class=\"page-box__picture\" href=\"http:\/\/rensink.nl\/de\/diensten\/internationaal-speciaal-transport\/\"><img loading=\"lazy\" decoding=\"async\" src=\"http:\/\/rensink.nl\/wp-content\/uploads\/2015\/10\/inernationaal-speciaal-transport-360x240.jpg\" width=\"360\" height=\"240\" srcset=\"http:\/\/rensink.nl\/wp-content\/uploads\/2015\/10\/inernationaal-speciaal-transport-360x240.jpg 360w, http:\/\/rensink.nl\/wp-content\/uploads\/2015\/10\/inernationaal-speciaal-transport.jpg 1024w\" sizes=\"auto, (min-width: 992px) 360px, calc(100vw - 30px)\" class=\"wp-post-image\" alt=\"Sondertransporte\"><\/a>\n\t\t<div class=\"page-box__content\">\n\t\t\t<h5 class=\"page-box__title  text-uppercase\"><a href=\"http:\/\/rensink.nl\/de\/diensten\/internationaal-speciaal-transport\/\">Sondertransporte<\/a><\/h5>\n\t\t\t<p>Eines der Spezialgebiete von Rensink sind Sonder- und Schwertransporte. Die Firma Rensink verf\u00fcgt \u00fcber die Erfahrung und die Kapazit\u00e4t, um sich in ihrem Zielmarkt durch kreativen Erfindergeist, Flexibilit\u00e4t und L\u00f6sungsorientiertheit hervorzuheben. &hellip;<\/p>\n\t\t\t\t<p><a href=\"http:\/\/rensink.nl\/de\/diensten\/internationaal-speciaal-transport\/\" class=\"read-more  read-more--page-box\">Lesen Sie mehr<\/a><\/p>\n\t\t<\/div>\n\t<\/div>\n\n<\/div><\/div><div id=\"pgc-682-0-2\"  class=\"panel-grid-cell\" ><div id=\"panel-682-0-2-0\" class=\"so-panel widget widget_pw_featured_page widget-featured-page panel-first-child panel-last-child\" data-index=\"2\" >\n\n\t<div class=\"page-box  page-box--block\">\n\t\t\t<a class=\"page-box__picture\" href=\"http:\/\/rensink.nl\/de\/diensten\/industriele-verhuizingen\/\"><img loading=\"lazy\" decoding=\"async\" src=\"http:\/\/rensink.nl\/wp-content\/uploads\/2015\/10\/industriele-verhuizingen-360x240.jpg\" width=\"360\" height=\"240\" srcset=\"http:\/\/rensink.nl\/wp-content\/uploads\/2015\/10\/industriele-verhuizingen-360x240.jpg 360w, http:\/\/rensink.nl\/wp-content\/uploads\/2015\/10\/industriele-verhuizingen.jpg 1024w\" sizes=\"auto, (min-width: 992px) 360px, calc(100vw - 30px)\" class=\"wp-post-image\" alt=\"Maschinenumz\u00fcge und betriebsumz\u00fcge\"><\/a>\n\t\t<div class=\"page-box__content\">\n\t\t\t<h5 class=\"page-box__title  text-uppercase\"><a href=\"http:\/\/rensink.nl\/de\/diensten\/industriele-verhuizingen\/\">Maschinenumz\u00fcge und betriebsumz\u00fcge<\/a><\/h5>\n\t\t\t<p>Rensink ist dazu in der Lage, mit eigenem Personal an nahezu jedem Ort (sowohl drinnen als auch drau\u00dfen) Maschinen und\/oder Objekte mechanisch\/elektrisch und hydraulisch zu (de-)montieren. Verschiedene Werkzeuge wie Lift- und Hubsysteme, Transportrollen, &hellip;<\/p>\n\t\t\t\t<p><a href=\"http:\/\/rensink.nl\/de\/diensten\/industriele-verhuizingen\/\" class=\"read-more  read-more--page-box\">Lesen Sie mehr<\/a><\/p>\n\t\t<\/div>\n\t<\/div>\n\n<\/div><\/div><div id=\"pgc-682-0-3\"  class=\"panel-grid-cell\" ><div id=\"panel-682-0-3-0\" class=\"so-panel widget widget_pw_featured_page widget-featured-page panel-first-child panel-last-child\" data-index=\"3\" >\n\n\t<div class=\"page-box  page-box--block\">\n\t\t\t<a class=\"page-box__picture\" href=\"http:\/\/rensink.nl\/de\/diensten\/gespecialiseerd-machine-vervoer\/\"><img loading=\"lazy\" decoding=\"async\" src=\"http:\/\/rensink.nl\/wp-content\/uploads\/2015\/10\/gespecialiseerd-machine-vervoer-360x240.jpg\" width=\"360\" height=\"240\" srcset=\"http:\/\/rensink.nl\/wp-content\/uploads\/2015\/10\/gespecialiseerd-machine-vervoer-360x240.jpg 360w, http:\/\/rensink.nl\/wp-content\/uploads\/2015\/10\/gespecialiseerd-machine-vervoer.jpg 1024w\" sizes=\"auto, (min-width: 992px) 360px, calc(100vw - 30px)\" class=\"wp-post-image\" alt=\"Gro\u00dfraum Maschinentransport\"><\/a>\n\t\t<div class=\"page-box__content\">\n\t\t\t<h5 class=\"page-box__title  text-uppercase\"><a href=\"http:\/\/rensink.nl\/de\/diensten\/gespecialiseerd-machine-vervoer\/\">Gro\u00dfraum Maschinentransport<\/a><\/h5>\n\t\t\t<p>Spezieller horizontaler und vertikaler Maschinentransport ist eine Spezialisierung von Rensink. Wir verf\u00fcgen \u00fcber all das erforderliche Material, um diese Transporte f\u00fcr Sie durchf\u00fchren zu k\u00f6nnen und ber\u00fccksichtigen alle Facetten, mit &hellip;<\/p>\n\t\t\t\t<p><a href=\"http:\/\/rensink.nl\/de\/diensten\/gespecialiseerd-machine-vervoer\/\" class=\"read-more  read-more--page-box\">Lesen Sie mehr<\/a><\/p>\n\t\t<\/div>\n\t<\/div>\n\n<\/div><\/div><\/div><\/div><div id=\"pg-682-1\"  class=\"panel-grid panel-no-style\" ><div id=\"pgc-682-1-0\"  class=\"panel-grid-cell\" ><div id=\"panel-682-1-0-0\" class=\"so-panel widget widget_black-studio-tinymce widget_black_studio_tinymce panel-first-child panel-last-child\" data-index=\"4\" ><div class=\"widget-title--big panel-widget-style panel-widget-style-for-682-1-0-0\" ><h3 class=\"widget-title\"><span class=\"widget-title__inline\">Dienst<\/span><\/h3><div class=\"textwidget\"><\/div><\/div><\/div><\/div><\/div><div id=\"pg-682-2\"  class=\"panel-grid panel-no-style\" ><div id=\"pgc-682-2-0\"  class=\"panel-grid-cell\" ><div id=\"panel-682-2-0-0\" class=\"so-panel widget widget_pw_icon_box widget-icon-box panel-first-child\" data-index=\"5\" >\n\n\t\t<a class=\"icon-box\" href=\"http:\/\/www.rensink.nl\/de\/diensten\/industriele-verhuizingen\/\" target=\"_self\">\n\n\t\t<i class=\"fa  fa-chevron-right\"><\/i>\n\t\t<h4 class=\"icon-box__title\">Maschinen- und betriebsumz\u00fcge<\/h4>\n\t\t<span class=\"icon-box__subtitle\">Rensink ist dazu in der Lage, mit eigenem Personal an nahezu jedem Ort\u2026<\/span>\n\n\t\t<\/a>\n\n<\/div><div id=\"panel-682-2-0-1\" class=\"so-panel widget widget_pw_icon_box widget-icon-box panel-last-child\" data-index=\"6\" >\n\n\t\t<a class=\"icon-box\" href=\"http:\/\/www.rensink.nl\/de\/diensten\/demontage-en-montage\/\" target=\"_self\">\n\n\t\t<i class=\"fa  fa-chevron-right\"><\/i>\n\t\t<h4 class=\"icon-box__title\">Maschinenverlagerung<\/h4>\n\t\t<span class=\"icon-box__subtitle\">Rensink ist dazu in der Lage, mit eigenem Personal an nahezu jedem Ort\u2026<\/span>\n\n\t\t<\/a>\n\n<\/div><\/div><div id=\"pgc-682-2-1\"  class=\"panel-grid-cell\" ><div id=\"panel-682-2-1-0\" class=\"so-panel widget widget_pw_icon_box widget-icon-box panel-first-child\" data-index=\"7\" >\n\n\t\t<a class=\"icon-box\" href=\"http:\/\/www.rensink.nl\/de\/diensten\/internationaal-speciaal-transport\/\" target=\"_self\">\n\n\t\t<i class=\"fa  fa-chevron-right\"><\/i>\n\t\t<h4 class=\"icon-box__title\">Sondertransporte<\/h4>\n\t\t<span class=\"icon-box__subtitle\">Eines der Spezialgebiete von Rensink sind Sonder- und Schwertransporte\u2026<\/span>\n\n\t\t<\/a>\n\n<\/div><div id=\"panel-682-2-1-1\" class=\"so-panel widget widget_pw_icon_box widget-icon-box panel-last-child\" data-index=\"8\" >\n\n\t\t<a class=\"icon-box\" href=\"http:\/\/www.rensink.nl\/de\/diensten\/speciale-hijswerken\/\" target=\"_self\">\n\n\t\t<i class=\"fa  fa-chevron-right\"><\/i>\n\t\t<h4 class=\"icon-box__title\">Hebetechnik<\/h4>\n\t\t<span class=\"icon-box__subtitle\">Infolge des Maschinentransports ist das Bed\u00fcrfnis entstanden, diese Ladungen\u2026<\/span>\n\n\t\t<\/a>\n\n<\/div><\/div><div id=\"pgc-682-2-2\"  class=\"panel-grid-cell\" ><div id=\"panel-682-2-2-0\" class=\"so-panel widget widget_pw_icon_box widget-icon-box panel-first-child\" data-index=\"9\" >\n\n\t\t<a class=\"icon-box\" href=\"http:\/\/www.rensink.nl\/de\/diensten\/gespecialiseerd-machine-vervoer\/\" target=\"_self\">\n\n\t\t<i class=\"fa  fa-chevron-right\"><\/i>\n\t\t<h4 class=\"icon-box__title\">Gro\u00dfraum Maschinentransport<\/h4>\n\t\t<span class=\"icon-box__subtitle\">Spezieller horizontaler und vertikaler Maschinentransport ist eine\u2026<\/span>\n\n\t\t<\/a>\n\n<\/div><div id=\"panel-682-2-2-1\" class=\"so-panel widget widget_pw_icon_box widget-icon-box panel-last-child\" data-index=\"10\" >\n\n\t\t<a class=\"icon-box\" href=\"http:\/\/www.rensink.nl\/de\/diensten\/kraanautos-en-bakwagens\/\" target=\"_self\">\n\n\t\t<i class=\"fa  fa-chevron-right\"><\/i>\n\t\t<h4 class=\"icon-box__title\">Kran LKW\u2019s<\/h4>\n\t\t<span class=\"icon-box__subtitle\">Verschiedene Zugmaschinen und Muldenwagen sind mit einem\u2026<\/span>\n\n\t\t<\/a>\n\n<\/div><\/div><\/div><div id=\"pg-682-3\"  class=\"panel-grid panel-has-style\" ><div class=\"siteorigin-panels-stretch panel-row-style panel-row-style-for-682-3\" data-stretch-type=\"full\" ><div id=\"pgc-682-3-0\"  class=\"panel-grid-cell\" ><div id=\"panel-682-3-0-0\" class=\"so-panel widget widget_pw_latest_news widget-latest-news panel-first-child panel-last-child\" data-index=\"11\" >\n\n\t\t\t<a href=\"http:\/\/rensink.nl\/kabelbaan-cabines-zwitserland\/\" class=\"latest-news  latest-news--block\">\n\t\t\t\t<div class=\"latest-news__date\">\n\t\t\t\t\t<div class=\"latest-news__date__month\">\n\t\t\t\t\t\tApr.\n\t\t\t\t\t<\/div>\n\t\t\t\t\t<div class=\"latest-news__date__day\">\n\t\t\t\t\t\t8\n\t\t\t\t\t<\/div>\n\t\t\t\t<\/div>\n\t\t\t\t<div class=\"latest-news__image\">\n\t\t\t\t\t<img loading=\"lazy\" decoding=\"async\" src=\"http:\/\/rensink.nl\/wp-content\/uploads\/2015\/10\/10687533_758445984243686_1541185427441226231_o-360x204.jpg\" width=\"360\" height=\"204\" srcset=\"http:\/\/rensink.nl\/wp-content\/uploads\/2015\/10\/10687533_758445984243686_1541185427441226231_o-360x204.jpg 360w, http:\/\/rensink.nl\/wp-content\/uploads\/2015\/10\/10687533_758445984243686_1541185427441226231_o.jpg 1600w\" sizes=\"auto, (min-width: 781px) 360px, calc(100vw - 30px)\" class=\"wp-post-image\" alt=\"Drie kabelbaan cabines lossen\">\n\t\t\t\t<\/div>\n\n\t\t\t\t<div class=\"latest-news__content\">\n\t\t\t\t\t<h4 class=\"latest-news__title\">Drie kabelbaan cabines lossen<\/h4>\n\t\t\t\t\t<div class=\"latest-news__author\">\n\t\t\t\t\t\tBy koen\n\t\t\t\t\t<\/div>\n\t\t\t\t<\/div>\n\t\t\t<\/a>\n\n\n<\/div><\/div><div id=\"pgc-682-3-1\"  class=\"panel-grid-cell\" ><div id=\"panel-682-3-1-0\" class=\"so-panel widget widget_pw_latest_news widget-latest-news panel-first-child panel-last-child\" data-index=\"12\" >\n\n\t\t\t<a href=\"http:\/\/rensink.nl\/rensink-wenst-u-een-gelukkig-en-voorspoedig-2016\/\" class=\"latest-news  latest-news--block\">\n\t\t\t\t<div class=\"latest-news__date\">\n\t\t\t\t\t<div class=\"latest-news__date__month\">\n\t\t\t\t\t\tJan.\n\t\t\t\t\t<\/div>\n\t\t\t\t\t<div class=\"latest-news__date__day\">\n\t\t\t\t\t\t4\n\t\t\t\t\t<\/div>\n\t\t\t\t<\/div>\n\t\t\t\t<div class=\"latest-news__image\">\n\t\t\t\t\t<img loading=\"lazy\" decoding=\"async\" src=\"http:\/\/rensink.nl\/wp-content\/uploads\/2016\/01\/Nieuws-kerst-360x204.jpg\" width=\"360\" height=\"204\" srcset=\"http:\/\/rensink.nl\/wp-content\/uploads\/2016\/01\/Nieuws-kerst-360x204.jpg 360w, http:\/\/rensink.nl\/wp-content\/uploads\/2016\/01\/Nieuws-kerst.jpg 1920w\" sizes=\"auto, (min-width: 781px) 360px, calc(100vw - 30px)\" class=\"wp-post-image\" alt=\"Rensink wenst u een gelukkig en voorspoedig 2016\">\n\t\t\t\t<\/div>\n\n\t\t\t\t<div class=\"latest-news__content\">\n\t\t\t\t\t<h4 class=\"latest-news__title\">Rensink wenst u een gelukkig en voorspoedig 2016<\/h4>\n\t\t\t\t\t<div class=\"latest-news__author\">\n\t\t\t\t\t\tBy koen\n\t\t\t\t\t<\/div>\n\t\t\t\t<\/div>\n\t\t\t<\/a>\n\n\n<\/div><\/div><div id=\"pgc-682-3-2\"  class=\"panel-grid-cell\" ><div id=\"panel-682-3-2-0\" class=\"so-panel widget widget_pw_latest_news widget-latest-news panel-first-child panel-last-child\" data-index=\"13\" >\n\n\t\t\t<a href=\"http:\/\/rensink.nl\/rensink-neemt-volvo-fh16-750-8x4-tridem-trekker-met-200-ton-treingewicht-in-gebruik\/\" class=\"latest-news  latest-news--block\">\n\t\t\t\t<div class=\"latest-news__date\">\n\t\t\t\t\t<div class=\"latest-news__date__month\">\n\t\t\t\t\t\tDez.\n\t\t\t\t\t<\/div>\n\t\t\t\t\t<div class=\"latest-news__date__day\">\n\t\t\t\t\t\t1\n\t\t\t\t\t<\/div>\n\t\t\t\t<\/div>\n\t\t\t\t<div class=\"latest-news__image\">\n\t\t\t\t\t<img loading=\"lazy\" decoding=\"async\" src=\"http:\/\/rensink.nl\/wp-content\/uploads\/2015\/10\/volvlo-fh16-rensink-almelo-360x204.jpg\" width=\"360\" height=\"204\" srcset=\"http:\/\/rensink.nl\/wp-content\/uploads\/2015\/10\/volvlo-fh16-rensink-almelo-360x204.jpg 360w, http:\/\/rensink.nl\/wp-content\/uploads\/2015\/10\/volvlo-fh16-rensink-almelo.jpg 1024w\" sizes=\"auto, (min-width: 781px) 360px, calc(100vw - 30px)\" class=\"wp-post-image\" alt=\"Rensink Almelo B.V. neemt Volvo FH16 750 8x4 tridem trekker met 200 ton treingewicht in gebruik\">\n\t\t\t\t<\/div>\n\n\t\t\t\t<div class=\"latest-news__content\">\n\t\t\t\t\t<h4 class=\"latest-news__title\">Rensink Almelo B.V. neemt Volvo FH16 750 8x4 tridem trekker met 200 ton treingewicht in gebruik<\/h4>\n\t\t\t\t\t<div class=\"latest-news__author\">\n\t\t\t\t\t\tBy koen\n\t\t\t\t\t<\/div>\n\t\t\t\t<\/div>\n\t\t\t<\/a>\n\n\n<\/div><\/div><\/div><\/div><\/div>","protected":false},"excerpt":{"rendered":"<p>Wilkommen auf der Website der Firma Rensink Almelo BV. Das dynamische Familienunternehmen basiert auf den Grundwerten Qualit\u00e4t, Engagement und Zuverl\u00e4ssigkeit. Die Kernaktivit\u00e4ten umfassen Sondertransporte, industrielle Montage und industrielle Umz\u00fcge. Rensink Almelo BV ist dank kundenorientierter L\u00f6sungen und des Angebots von Ma\u00dfarbeit innerhalb des eigenen Marktbereichs \u00e4u\u00dferst erfolgreich. Lesen Sie mehr<\/p>\n","protected":false},"author":1,"featured_media":0,"parent":0,"menu_order":0,"comment_status":"closed","ping_status":"open","template":"template-front-page-slider.php","meta":{"_acf_changed":false,"footnotes":""},"class_list":["post-682","page","type-page","status-publish","hentry"],"acf":[],"yoast_head":"<!-- This site is optimized with the Yoast SEO plugin v24.7 - https:\/\/yoast.com\/wordpress\/plugins\/seo\/ -->\n<title>Home - Rensink Almelo<\/title>\n<meta name=\"robots\" content=\"index, follow, max-snippet:-1, max-image-preview:large, max-video-preview:-1\" \/>\n<link rel=\"canonical\" href=\"http:\/\/rensink.nl\/de\/\" \/>\n<meta property=\"og:locale\" content=\"de_DE\" \/>\n<meta property=\"og:type\" content=\"article\" \/>\n<meta property=\"og:title\" content=\"Home - Rensink Almelo\" \/>\n<meta property=\"og:description\" content=\"Wilkommen auf der Website der Firma Rensink Almelo BV. Das dynamische Familienunternehmen basiert auf den Grundwerten Qualit\u00e4t, Engagement und Zuverl\u00e4ssigkeit. Die Kernaktivit\u00e4ten umfassen Sondertransporte, industrielle Montage und industrielle Umz\u00fcge. Rensink Almelo BV ist dank kundenorientierter L\u00f6sungen und des Angebots von Ma\u00dfarbeit innerhalb des eigenen Marktbereichs \u00e4u\u00dferst erfolgreich. Lesen Sie mehr\" \/>\n<meta property=\"og:url\" content=\"http:\/\/rensink.nl\/de\/\" \/>\n<meta property=\"og:site_name\" content=\"Rensink Almelo\" \/>\n<meta property=\"article:modified_time\" content=\"2015-12-10T07:50:42+00:00\" \/>\n<meta property=\"og:image\" content=\"http:\/\/www.rensink.nl\/wordpress\/wp-content\/uploads\/2015\/10\/inernationaal-speciaal-transport-360x240.jpg\" \/>\n<meta name=\"twitter:card\" content=\"summary_large_image\" \/>\n<meta name=\"twitter:label1\" content=\"Gesch\u00e4tzte Lesezeit\" \/>\n\t<meta name=\"twitter:data1\" content=\"1\u00a0Minute\" \/>\n<script type=\"application\/ld+json\" class=\"yoast-schema-graph\">{\"@context\":\"https:\/\/schema.org\",\"@graph\":[{\"@type\":\"WebPage\",\"@id\":\"http:\/\/rensink.nl\/de\/\",\"url\":\"http:\/\/rensink.nl\/de\/\",\"name\":\"Home - Rensink Almelo\",\"isPartOf\":{\"@id\":\"https:\/\/rensink.nl\/#website\"},\"primaryImageOfPage\":{\"@id\":\"http:\/\/rensink.nl\/de\/#primaryimage\"},\"image\":{\"@id\":\"http:\/\/rensink.nl\/de\/#primaryimage\"},\"thumbnailUrl\":\"http:\/\/www.rensink.nl\/wordpress\/wp-content\/uploads\/2015\/10\/inernationaal-speciaal-transport-360x240.jpg\",\"datePublished\":\"2015-04-14T10:13:09+00:00\",\"dateModified\":\"2015-12-10T07:50:42+00:00\",\"breadcrumb\":{\"@id\":\"http:\/\/rensink.nl\/de\/#breadcrumb\"},\"inLanguage\":\"de\",\"potentialAction\":[{\"@type\":\"ReadAction\",\"target\":[\"http:\/\/rensink.nl\/de\/\"]}]},{\"@type\":\"ImageObject\",\"inLanguage\":\"de\",\"@id\":\"http:\/\/rensink.nl\/de\/#primaryimage\",\"url\":\"http:\/\/www.rensink.nl\/wordpress\/wp-content\/uploads\/2015\/10\/inernationaal-speciaal-transport-360x240.jpg\",\"contentUrl\":\"http:\/\/www.rensink.nl\/wordpress\/wp-content\/uploads\/2015\/10\/inernationaal-speciaal-transport-360x240.jpg\"},{\"@type\":\"BreadcrumbList\",\"@id\":\"http:\/\/rensink.nl\/de\/#breadcrumb\",\"itemListElement\":[{\"@type\":\"ListItem\",\"position\":1,\"name\":\"Home\",\"item\":\"http:\/\/rensink.nl\/de\/\"},{\"@type\":\"ListItem\",\"position\":2,\"name\":\"Home\"}]},{\"@type\":\"WebSite\",\"@id\":\"https:\/\/rensink.nl\/#website\",\"url\":\"https:\/\/rensink.nl\/\",\"name\":\"Rensink Almelo\",\"description\":\"Transport &amp; Relocations\",\"potentialAction\":[{\"@type\":\"SearchAction\",\"target\":{\"@type\":\"EntryPoint\",\"urlTemplate\":\"https:\/\/rensink.nl\/?s={search_term_string}\"},\"query-input\":{\"@type\":\"PropertyValueSpecification\",\"valueRequired\":true,\"valueName\":\"search_term_string\"}}],\"inLanguage\":\"de\"}]}<\/script>\n<!-- \/ Yoast SEO plugin. -->","yoast_head_json":{"title":"Home - Rensink Almelo","robots":{"index":"index","follow":"follow","max-snippet":"max-snippet:-1","max-image-preview":"max-image-preview:large","max-video-preview":"max-video-preview:-1"},"canonical":"http:\/\/rensink.nl\/de\/","og_locale":"de_DE","og_type":"article","og_title":"Home - Rensink Almelo","og_description":"Wilkommen auf der Website der Firma Rensink Almelo BV. Das dynamische Familienunternehmen basiert auf den Grundwerten Qualit\u00e4t, Engagement und Zuverl\u00e4ssigkeit. Die Kernaktivit\u00e4ten umfassen Sondertransporte, industrielle Montage und industrielle Umz\u00fcge. Rensink Almelo BV ist dank kundenorientierter L\u00f6sungen und des Angebots von Ma\u00dfarbeit innerhalb des eigenen Marktbereichs \u00e4u\u00dferst erfolgreich. Lesen Sie mehr","og_url":"http:\/\/rensink.nl\/de\/","og_site_name":"Rensink Almelo","article_modified_time":"2015-12-10T07:50:42+00:00","og_image":[{"url":"http:\/\/www.rensink.nl\/wordpress\/wp-content\/uploads\/2015\/10\/inernationaal-speciaal-transport-360x240.jpg","type":"","width":"","height":""}],"twitter_card":"summary_large_image","twitter_misc":{"Gesch\u00e4tzte Lesezeit":"1\u00a0Minute"},"schema":{"@context":"https:\/\/schema.org","@graph":[{"@type":"WebPage","@id":"http:\/\/rensink.nl\/de\/","url":"http:\/\/rensink.nl\/de\/","name":"Home - Rensink Almelo","isPartOf":{"@id":"https:\/\/rensink.nl\/#website"},"primaryImageOfPage":{"@id":"http:\/\/rensink.nl\/de\/#primaryimage"},"image":{"@id":"http:\/\/rensink.nl\/de\/#primaryimage"},"thumbnailUrl":"http:\/\/www.rensink.nl\/wordpress\/wp-content\/uploads\/2015\/10\/inernationaal-speciaal-transport-360x240.jpg","datePublished":"2015-04-14T10:13:09+00:00","dateModified":"2015-12-10T07:50:42+00:00","breadcrumb":{"@id":"http:\/\/rensink.nl\/de\/#breadcrumb"},"inLanguage":"de","potentialAction":[{"@type":"ReadAction","target":["http:\/\/rensink.nl\/de\/"]}]},{"@type":"ImageObject","inLanguage":"de","@id":"http:\/\/rensink.nl\/de\/#primaryimage","url":"http:\/\/www.rensink.nl\/wordpress\/wp-content\/uploads\/2015\/10\/inernationaal-speciaal-transport-360x240.jpg","contentUrl":"http:\/\/www.rensink.nl\/wordpress\/wp-content\/uploads\/2015\/10\/inernationaal-speciaal-transport-360x240.jpg"},{"@type":"BreadcrumbList","@id":"http:\/\/rensink.nl\/de\/#breadcrumb","itemListElement":[{"@type":"ListItem","position":1,"name":"Home","item":"http:\/\/rensink.nl\/de\/"},{"@type":"ListItem","position":2,"name":"Home"}]},{"@type":"WebSite","@id":"https:\/\/rensink.nl\/#website","url":"https:\/\/rensink.nl\/","name":"Rensink Almelo","description":"Transport &amp; Relocations","potentialAction":[{"@type":"SearchAction","target":{"@type":"EntryPoint","urlTemplate":"https:\/\/rensink.nl\/?s={search_term_string}"},"query-input":{"@type":"PropertyValueSpecification","valueRequired":true,"valueName":"search_term_string"}}],"inLanguage":"de"}]}},"_links":{"self":[{"href":"http:\/\/rensink.nl\/de\/wp-json\/wp\/v2\/pages\/682","targetHints":{"allow":["GET"]}}],"collection":[{"href":"http:\/\/rensink.nl\/de\/wp-json\/wp\/v2\/pages"}],"about":[{"href":"http:\/\/rensink.nl\/de\/wp-json\/wp\/v2\/types\/page"}],"author":[{"embeddable":true,"href":"http:\/\/rensink.nl\/de\/wp-json\/wp\/v2\/users\/1"}],"replies":[{"embeddable":true,"href":"http:\/\/rensink.nl\/de\/wp-json\/wp\/v2\/comments?post=682"}],"version-history":[{"count":5,"href":"http:\/\/rensink.nl\/de\/wp-json\/wp\/v2\/pages\/682\/revisions"}],"predecessor-version":[{"id":1087,"href":"http:\/\/rensink.nl\/de\/wp-json\/wp\/v2\/pages\/682\/revisions\/1087"}],"wp:attachment":[{"href":"http:\/\/rensink.nl\/de\/wp-json\/wp\/v2\/media?parent=682"}],"curies":[{"name":"wp","href":"https:\/\/api.w.org\/{rel}","templated":true}]}}