{"id":683,"date":"2015-05-07T13:27:36","date_gmt":"2015-05-07T13:27:36","guid":{"rendered":"http:\/\/ar.mijnwebsitestatus.nl\/over-ons\/?lang=de"},"modified":"2020-06-02T12:34:28","modified_gmt":"2020-06-02T11:34:28","slug":"over-ons","status":"publish","type":"page","link":"http:\/\/rensink.nl\/de\/over-ons\/","title":{"rendered":"\u00dcber uns"},"content":{"rendered":"<div id=\"pl-683\"  class=\"panel-layout\" ><div id=\"pg-683-0\"  class=\"panel-grid panel-no-style\" ><div id=\"pgc-683-0-0\"  class=\"panel-grid-cell\" ><div id=\"panel-683-0-0-0\" class=\"so-panel widget widget_black-studio-tinymce widget_black_studio_tinymce panel-first-child panel-last-child\" data-index=\"0\" ><div class=\"textwidget\"><p>Die Firma Rensink Almelo BV ist auf Sondertransporte, industrielle Umz\u00fcge und Industriemontage spezialisiert. Diese drei Marktsegmente verschaffen uns die Sicherheit, optimale Kombinationsm\u00f6glichkeiten zu marktkonformen Tarifen anzubieten. Die Basisaktivit\u00e4ten sind wie folgt zusammenzufassen:<\/p>\n<ul>\n<li>Turnkey-Transportl\u00f6sungen \u00fcber Stra\u00dfe, Wasserwege, Luftfracht und Schienenwege<\/li>\n<li>Industrielle Umz\u00fcge von einer einzelnen Maschine bis hin zu kompletten Produktionsstra\u00dfen und Fabriken<\/li>\n<li>Montagen<\/li>\n<li>Lagerung <\/li>\n<li>Hub \u2013 und Hebearbeiten<\/li>\n<\/ul>\n<p>Die Arbeiten werden aus der Niederlassung in Almelo, Niederlande, gesteuert. Engagierte, fachkundige und enthusiastische Mitarbeiter bilden die Basis. Die Firma Rensink Transport BV arbeitet mit einer flachen Organisationsstruktur, die es erm\u00f6glicht, auf Marktbed\u00fcrfnisse schnell und flexibel zu reagieren. Grob betrachtet kann unsere Organisation in die folgenden Bereiche gegliedert werden:<\/p>\n<ul>\n<li>Fahrer<\/li>\n<li>Monteure\/Umzugspersonal<\/li>\n<li>Planung\/Arbeitsvorbereitung<\/li>\n<li>Verwaltung<\/li>\n<\/ul>\n<p>Das Bestreben der Firma Rensink Almelo BV ist es, ihr Fachwissen und ihre Erfahrung auszubauen und anschlie\u00dfend sicherzustellen. Die Mitarbeiter stellen das gr\u00f6\u00dfte Kapital dar und bilden in allen F\u00e4llen die Grundlage des Erfolgs. Diese Einstellung f\u00fchrt zu den folgenden Unternehmenswerten:<\/p>\n<p><strong>Das stetige Bestreben, das Beste auf unserem Fachgebiet erreichen zu wollen<\/strong><br \/>\nDazu sind wir uns unserer Verantwortlichkeiten stets bewusst. Nur indem wir uns mit unseren Arbeiten hervorheben, sind wir dazu in der Lage, uns kontinuierlich zu verbessern. Gesammelte Erfahrungen aus fr\u00fcheren T\u00e4tigkeiten bilden die Grundlage f\u00fcr kommende Arbeiten. Dies ist ein fortw\u00e4hrender Ablauf, wobei der Schwerpunkt auf Selbsterkenntnissen liegt.<\/p>\n<p><strong>Stets auf ein gutes Endergebnis abzielen<\/strong><br \/>\nUnser gr\u00f6\u00dftes Ziel ist ein zufriedener Kunde - dieser stellt die Grundlage f\u00fcr unseren weiteren Erfolg dar.<\/p>\n<p><strong>Offenheit und ein solides Verantwortungsgef\u00fchl<\/strong><br \/>\nWir arbeiten jeden Tag mit anderen Menschen zusammen und m\u00fcssen also neuen Erkenntnissen und Ideen von Kollegen, Kunden und Lieferanten offen gegen\u00fcber stehen. Vor allem m\u00fcssen wir uns unserer Verantwortlichkeiten gegen\u00fcber Kollegen, Kunden und Lieferanten bewusst sein. <\/p>\n<p><strong>Menschen und Sicherheit stehen im Mittelpunkt.<\/strong><br \/>\nWo gearbeitet wird, werden auch Fehler gemacht. Es besteht die absolute Notwendigkeit, im Vorfeld die Voraussetzungen zu schaffen und die speziellen Ma\u00dfnahmen zu ergreifen, aufgrund derer Menschen sicher arbeiten k\u00f6nnen. <\/p>\n<p><strong>F\u00fcr eine gemeinschaftliche Leistung und das Teilen von Wissen sorgen<\/strong><br \/>\nGut ausgef\u00fchrte Arbeiten sind das Ergebnis einer gemeinschaftlichen Leistung. Um das Wissen und die Erfahrung sicherzustellen, ist es unbedingt notwendig, dass Erfahrungen und Wissen geteilt werden. Die Nachwuchskr\u00e4fte von heute sind schlie\u00dflich die Stars der Zukunft und deshalb f\u00fcr unsere Kontinuit\u00e4t von wesentlicher Bedeutung. <\/p>\n<p><strong>Stolz sein auf unser Unternehmen und unsere Arbeiten<\/strong><br \/>\nFachwissen, Erfahrung, eine gesunde Arbeitseinstellung und vor allem Engagement sind bei unseren heutigen T\u00e4tigkeiten von besonderer Wichtigkeit.<\/p>\n<\/div><\/div><\/div><div id=\"pgc-683-0-1\"  class=\"panel-grid-cell\" ><div id=\"panel-683-0-1-0\" class=\"so-panel widget widget_black-studio-tinymce widget_black_studio_tinymce panel-first-child panel-last-child\" data-index=\"1\" ><div class=\"textwidget\"><p><img loading=\"lazy\" decoding=\"async\" src=\"\/wordpress\/wp-content\/uploads\/2015\/05\/over-ons-1.jpg\" alt=\"over-ons-1\" width=\"1024\" height=\"768\" class=\"alignnone size-full wp-image-1043\" srcset=\"http:\/\/rensink.nl\/wp-content\/uploads\/2015\/05\/over-ons-1.jpg 1024w, http:\/\/rensink.nl\/wp-content\/uploads\/2015\/05\/over-ons-1-300x225.jpg 300w\" sizes=\"auto, (max-width: 1024px) 100vw, 1024px\" \/><\/p>\n<p><img loading=\"lazy\" decoding=\"async\" src=\"\/wordpress\/wp-content\/uploads\/2015\/05\/over-ons-2.jpg\" alt=\"over-ons-2\" width=\"1024\" height=\"683\" class=\"alignnone size-full wp-image-1044\" srcset=\"http:\/\/rensink.nl\/wp-content\/uploads\/2015\/05\/over-ons-2.jpg 1024w, http:\/\/rensink.nl\/wp-content\/uploads\/2015\/05\/over-ons-2-300x200.jpg 300w, http:\/\/rensink.nl\/wp-content\/uploads\/2015\/05\/over-ons-2-360x240.jpg 360w, http:\/\/rensink.nl\/wp-content\/uploads\/2015\/05\/over-ons-2-272x182.jpg 272w\" sizes=\"auto, (max-width: 1024px) 100vw, 1024px\" \/><\/p>\n<\/div><\/div><\/div><\/div><div id=\"pg-683-1\"  class=\"panel-grid panel-no-style\" ><div id=\"pgc-683-1-0\"  class=\"panel-grid-cell\" ><div id=\"panel-683-1-0-0\" class=\"so-panel widget widget_black-studio-tinymce widget_black_studio_tinymce panel-first-child panel-last-child\" data-index=\"2\" ><div class=\"textwidget\"><p><img decoding=\"async\" src=\"\/wordpress\/wp-content\/uploads\/2015\/11\/geert-jan.jpg\" width=\"100%\" height=\"auto\"\/><\/p>\n<h3 style=\"text-align: left;\">Geert-Jan Westerhuis<\/h3>\n<h4 style=\"text-align: left;\"><span style=\"color: #bbbbbb;\">Algemeen directeur<\/span><\/h4>\n<p style=\"text-align: left;\">\n<table style=\"width:100%\">\n<tr>\n<td>Mail:<\/td>\n<td><a href=\"mailto:Westerhuis@rensink.nl\">Westerhuis@rensink.nl<\/td>\n<\/tr>\n<tr>\n<td>Direct phone:<\/td>\n<td>+31 (0) 546 - 200 061<\/td>\n<\/tr>\n<tr>\n<td>Mobile:<\/td>\n<td>+31 (0) 6 5337 9072<\/td>\n<\/tr>\n<\/table>\n<\/div><\/div><\/div><div id=\"pgc-683-1-1\"  class=\"panel-grid-cell\" ><div id=\"panel-683-1-1-0\" class=\"so-panel widget widget_black-studio-tinymce widget_black_studio_tinymce panel-first-child panel-last-child\" data-index=\"3\" ><div class=\"textwidget\"><p><img decoding=\"async\" src=\"\/wordpress\/wp-content\/uploads\/2015\/05\/ronny.jpg\" width=\"100%\" height=\"auto\"\/><\/p>\n<h3 style=\"text-align: left;\">Ronny Stokkingreef<\/h3>\n<h4 style=\"text-align: left;\"><span style=\"color: #bbbbbb;\">Operationeel manager<\/span><\/h4>\n<p style=\"text-align: left;\">\n<table style=\"width:100%\">\n<tr>\n<td>Mail:<\/td>\n<td><a href=\"mailto:Stokkingreef@rensink.nl\">Stokkingreef@rensink.nl<\/td>\n<\/tr>\n<tr>\n<td>Direct phone:<\/td>\n<td>+31 (0) 546 - 200 062<\/td>\n<\/tr>\n<tr>\n<td>Mobile:<\/td>\n<td>+31 (0) 6 3356 6766<\/td>\n<\/tr>\n<\/table>\n<\/div><\/div><\/div><div id=\"pgc-683-1-2\"  class=\"panel-grid-cell\" ><div id=\"panel-683-1-2-0\" class=\"so-panel widget widget_black-studio-tinymce widget_black_studio_tinymce panel-first-child panel-last-child\" data-index=\"4\" ><div class=\"textwidget\"><p><img decoding=\"async\" src=\"\/wordpress\/wp-content\/uploads\/2015\/11\/stef.jpg\" width=\"100%\" height=\"auto\"\/><\/p>\n<h3 style=\"text-align: left;\">Stef Westerhuis<\/h3>\n<h4 style=\"text-align: left;\"><span style=\"color: #bbbbbb;\">Planning<\/span><\/h4>\n<p style=\"text-align: left;\">\n<table style=\"width:100%\">\n<tr>\n<td>Mail:<\/td>\n<td><a href=\"mailto:s.westerhuis@rensink.nl\">S.westerhuis@rensink.nl<\/td>\n<\/tr>\n<tr>\n<td>Direct phone:<\/td>\n<td>+31 (0) 546 - 200 066<\/td>\n<\/tr>\n<tr>\n<td>Mobile:<\/td>\n<td>+31 (0) 6 4603 2863<\/td>\n<\/tr>\n<\/table>\n<\/div><\/div><\/div><\/div><div id=\"pg-683-2\"  class=\"panel-grid panel-no-style\" ><div id=\"pgc-683-2-0\"  class=\"panel-grid-cell\" ><div id=\"panel-683-2-0-0\" class=\"so-panel widget widget_black-studio-tinymce widget_black_studio_tinymce panel-first-child panel-last-child\" data-index=\"5\" ><div class=\"textwidget\"><p><img decoding=\"async\" src=\"\/wordpress\/wp-content\/uploads\/2015\/11\/herman.jpg\" width=\"100%\" height=\"auto\"\/><\/p>\n<h3 style=\"text-align: left;\">Herman Menkveld<\/h3>\n<h4 style=\"text-align: left;\"><span style=\"color: #bbbbbb;\">Planning<\/span><\/h4>\n<p style=\"text-align: left;\">\n<table style=\"width:100%\">\n<tr>\n<td>Mail:<\/td>\n<td><a href=\"mailto:Menkveld@rensink.nl\">Menkveld@rensink.nl<\/td>\n<\/tr>\n<tr>\n<td>Direct phone:<\/td>\n<td>+31 (0) 546 - 200 063<\/td>\n<\/tr>\n<tr>\n<td>Mobile:<\/td>\n<td>+31 (0) 6 2054 5046<\/td>\n<\/tr>\n<\/table>\n<\/div><\/div><\/div><div id=\"pgc-683-2-1\"  class=\"panel-grid-cell\" ><div id=\"panel-683-2-1-0\" class=\"so-panel widget widget_black-studio-tinymce widget_black_studio_tinymce panel-first-child panel-last-child\" data-index=\"6\" ><div class=\"textwidget\"><p><img decoding=\"async\" src=\"\/wordpress\/wp-content\/uploads\/2015\/11\/henk-jan.jpg\" width=\"100%\" height=\"auto\"\/><\/p>\n<h3 style=\"text-align: left;\">Henk-Jan Kenkhuis<\/h3>\n<h4 style=\"text-align: left;\"><span style=\"color: #bbbbbb;\">Vergunningen & planning<\/span><\/h4>\n<p style=\"text-align: left;\">\n<table style=\"width:100%\">\n<tr>\n<td>Mail:<\/td>\n<td><a href=\"mailto:Kenkhuis@rensink.nl\">Kenkhuis@rensink.nl<\/td>\n<\/tr>\n<tr>\n<td>Direct phone:<\/td>\n<td>+31 (0) 546 - 200 064<\/td>\n<\/tr>\n<tr>\n<td>Mobile:<\/td>\n<td>+31 (0) 6 1325 9884<\/td>\n<\/tr>\n<\/table>\n<\/div><\/div><\/div><div id=\"pgc-683-2-2\"  class=\"panel-grid-cell\" ><div id=\"panel-683-2-2-0\" class=\"so-panel widget widget_black-studio-tinymce widget_black_studio_tinymce panel-first-child panel-last-child\" data-index=\"7\" ><div class=\"textwidget\"><h3 style=\"text-align: left;\">Merle Bente<\/h3>\n<h4 style=\"text-align: left;\"><span style=\"color: #bbbbbb;\">Planning<\/span><\/h4>\n<p style=\"text-align: left;\">\n<table style=\"width:100%\">\n<tr>\n<td>Mail:<\/td>\n<td><a href=\"mailto:Bente@rensink.nl\">Bente@rensink.nl<\/td>\n<\/tr>\n<tr>\n<td>Direct phone:<\/td>\n<td>+31 (0) 546 - 200 060<\/td>\n<\/tr>\n<tr>\n<td>Mobile:<\/td>\n<td>+31 (0) 6 5119 7868<\/td>\n<\/tr>\n<\/table>\n<\/div><\/div><\/div><\/div><\/div>","protected":false},"excerpt":{"rendered":"<p>Die Firma Rensink Almelo BV ist auf Sondertransporte, industrielle Umz\u00fcge und Industriemontage spezialisiert. Diese drei Marktsegmente verschaffen uns die Sicherheit, optimale Kombinationsm\u00f6glichkeiten zu marktkonformen Tarifen anzubieten. Die Basisaktivit\u00e4ten sind wie folgt zusammenzufassen: Turnkey-Transportl\u00f6sungen \u00fcber Stra\u00dfe, Wasserwege, Luftfracht und Schienenwege Industrielle Umz\u00fcge von einer einzelnen Maschine bis hin zu kompletten Produktionsstra\u00dfen und Fabriken Montagen Lagerung Hub &hellip;<\/p>\n","protected":false},"author":1,"featured_media":0,"parent":0,"menu_order":0,"comment_status":"closed","ping_status":"closed","template":"","meta":{"_acf_changed":false,"footnotes":""},"class_list":["post-683","page","type-page","status-publish","hentry"],"acf":[],"yoast_head":"<!-- This site is optimized with the Yoast SEO plugin v24.7 - https:\/\/yoast.com\/wordpress\/plugins\/seo\/ -->\n<title>\u00dcber uns - Rensink Almelo<\/title>\n<meta name=\"robots\" content=\"index, follow, max-snippet:-1, max-image-preview:large, max-video-preview:-1\" \/>\n<link rel=\"canonical\" href=\"http:\/\/rensink.nl\/de\/over-ons\/\" \/>\n<meta property=\"og:locale\" content=\"de_DE\" \/>\n<meta property=\"og:type\" content=\"article\" \/>\n<meta property=\"og:title\" content=\"\u00dcber uns - Rensink Almelo\" \/>\n<meta property=\"og:description\" content=\"Die Firma Rensink Almelo BV ist auf Sondertransporte, industrielle Umz\u00fcge und Industriemontage spezialisiert. Diese drei Marktsegmente verschaffen uns die Sicherheit, optimale Kombinationsm\u00f6glichkeiten zu marktkonformen Tarifen anzubieten. Die Basisaktivit\u00e4ten sind wie folgt zusammenzufassen: Turnkey-Transportl\u00f6sungen \u00fcber Stra\u00dfe, Wasserwege, Luftfracht und Schienenwege Industrielle Umz\u00fcge von einer einzelnen Maschine bis hin zu kompletten Produktionsstra\u00dfen und Fabriken Montagen Lagerung Hub &hellip;\" \/>\n<meta property=\"og:url\" content=\"http:\/\/rensink.nl\/de\/over-ons\/\" \/>\n<meta property=\"og:site_name\" content=\"Rensink Almelo\" \/>\n<meta property=\"article:modified_time\" content=\"2020-06-02T11:34:28+00:00\" \/>\n<meta name=\"twitter:card\" content=\"summary_large_image\" \/>\n<meta name=\"twitter:label1\" content=\"Gesch\u00e4tzte Lesezeit\" \/>\n\t<meta name=\"twitter:data1\" content=\"2\u00a0Minuten\" \/>\n<script type=\"application\/ld+json\" class=\"yoast-schema-graph\">{\"@context\":\"https:\/\/schema.org\",\"@graph\":[{\"@type\":\"WebPage\",\"@id\":\"http:\/\/rensink.nl\/de\/over-ons\/\",\"url\":\"http:\/\/rensink.nl\/de\/over-ons\/\",\"name\":\"\u00dcber uns - Rensink Almelo\",\"isPartOf\":{\"@id\":\"https:\/\/rensink.nl\/#website\"},\"datePublished\":\"2015-05-07T13:27:36+00:00\",\"dateModified\":\"2020-06-02T11:34:28+00:00\",\"breadcrumb\":{\"@id\":\"http:\/\/rensink.nl\/de\/over-ons\/#breadcrumb\"},\"inLanguage\":\"de\",\"potentialAction\":[{\"@type\":\"ReadAction\",\"target\":[\"http:\/\/rensink.nl\/de\/over-ons\/\"]}]},{\"@type\":\"BreadcrumbList\",\"@id\":\"http:\/\/rensink.nl\/de\/over-ons\/#breadcrumb\",\"itemListElement\":[{\"@type\":\"ListItem\",\"position\":1,\"name\":\"Home\",\"item\":\"http:\/\/rensink.nl\/de\/\"},{\"@type\":\"ListItem\",\"position\":2,\"name\":\"\u00dcber uns\"}]},{\"@type\":\"WebSite\",\"@id\":\"https:\/\/rensink.nl\/#website\",\"url\":\"https:\/\/rensink.nl\/\",\"name\":\"Rensink Almelo\",\"description\":\"Transport &amp; Relocations\",\"potentialAction\":[{\"@type\":\"SearchAction\",\"target\":{\"@type\":\"EntryPoint\",\"urlTemplate\":\"https:\/\/rensink.nl\/?s={search_term_string}\"},\"query-input\":{\"@type\":\"PropertyValueSpecification\",\"valueRequired\":true,\"valueName\":\"search_term_string\"}}],\"inLanguage\":\"de\"}]}<\/script>\n<!-- \/ Yoast SEO plugin. -->","yoast_head_json":{"title":"\u00dcber uns - Rensink Almelo","robots":{"index":"index","follow":"follow","max-snippet":"max-snippet:-1","max-image-preview":"max-image-preview:large","max-video-preview":"max-video-preview:-1"},"canonical":"http:\/\/rensink.nl\/de\/over-ons\/","og_locale":"de_DE","og_type":"article","og_title":"\u00dcber uns - Rensink Almelo","og_description":"Die Firma Rensink Almelo BV ist auf Sondertransporte, industrielle Umz\u00fcge und Industriemontage spezialisiert. Diese drei Marktsegmente verschaffen uns die Sicherheit, optimale Kombinationsm\u00f6glichkeiten zu marktkonformen Tarifen anzubieten. Die Basisaktivit\u00e4ten sind wie folgt zusammenzufassen: Turnkey-Transportl\u00f6sungen \u00fcber Stra\u00dfe, Wasserwege, Luftfracht und Schienenwege Industrielle Umz\u00fcge von einer einzelnen Maschine bis hin zu kompletten Produktionsstra\u00dfen und Fabriken Montagen Lagerung Hub &hellip;","og_url":"http:\/\/rensink.nl\/de\/over-ons\/","og_site_name":"Rensink Almelo","article_modified_time":"2020-06-02T11:34:28+00:00","twitter_card":"summary_large_image","twitter_misc":{"Gesch\u00e4tzte Lesezeit":"2\u00a0Minuten"},"schema":{"@context":"https:\/\/schema.org","@graph":[{"@type":"WebPage","@id":"http:\/\/rensink.nl\/de\/over-ons\/","url":"http:\/\/rensink.nl\/de\/over-ons\/","name":"\u00dcber uns - Rensink Almelo","isPartOf":{"@id":"https:\/\/rensink.nl\/#website"},"datePublished":"2015-05-07T13:27:36+00:00","dateModified":"2020-06-02T11:34:28+00:00","breadcrumb":{"@id":"http:\/\/rensink.nl\/de\/over-ons\/#breadcrumb"},"inLanguage":"de","potentialAction":[{"@type":"ReadAction","target":["http:\/\/rensink.nl\/de\/over-ons\/"]}]},{"@type":"BreadcrumbList","@id":"http:\/\/rensink.nl\/de\/over-ons\/#breadcrumb","itemListElement":[{"@type":"ListItem","position":1,"name":"Home","item":"http:\/\/rensink.nl\/de\/"},{"@type":"ListItem","position":2,"name":"\u00dcber uns"}]},{"@type":"WebSite","@id":"https:\/\/rensink.nl\/#website","url":"https:\/\/rensink.nl\/","name":"Rensink Almelo","description":"Transport &amp; Relocations","potentialAction":[{"@type":"SearchAction","target":{"@type":"EntryPoint","urlTemplate":"https:\/\/rensink.nl\/?s={search_term_string}"},"query-input":{"@type":"PropertyValueSpecification","valueRequired":true,"valueName":"search_term_string"}}],"inLanguage":"de"}]}},"_links":{"self":[{"href":"http:\/\/rensink.nl\/de\/wp-json\/wp\/v2\/pages\/683","targetHints":{"allow":["GET"]}}],"collection":[{"href":"http:\/\/rensink.nl\/de\/wp-json\/wp\/v2\/pages"}],"about":[{"href":"http:\/\/rensink.nl\/de\/wp-json\/wp\/v2\/types\/page"}],"author":[{"embeddable":true,"href":"http:\/\/rensink.nl\/de\/wp-json\/wp\/v2\/users\/1"}],"replies":[{"embeddable":true,"href":"http:\/\/rensink.nl\/de\/wp-json\/wp\/v2\/comments?post=683"}],"version-history":[{"count":6,"href":"http:\/\/rensink.nl\/de\/wp-json\/wp\/v2\/pages\/683\/revisions"}],"predecessor-version":[{"id":1186,"href":"http:\/\/rensink.nl\/de\/wp-json\/wp\/v2\/pages\/683\/revisions\/1186"}],"wp:attachment":[{"href":"http:\/\/rensink.nl\/de\/wp-json\/wp\/v2\/media?parent=683"}],"curies":[{"name":"wp","href":"https:\/\/api.w.org\/{rel}","templated":true}]}}