{"id":740,"date":"2015-10-20T12:20:00","date_gmt":"2015-10-20T11:20:00","guid":{"rendered":"http:\/\/ar.mijnwebsitestatus.nl\/internationaal-speciaal-transport\/?lang=de"},"modified":"2015-12-02T11:20:35","modified_gmt":"2015-12-02T10:20:35","slug":"internationaal-speciaal-transport","status":"publish","type":"page","link":"http:\/\/rensink.nl\/de\/diensten\/internationaal-speciaal-transport\/","title":{"rendered":"Sondertransporte"},"content":{"rendered":"<p>Eines der Spezialgebiete von Rensink sind Sonder- und Schwertransporte. Die Firma Rensink verf\u00fcgt \u00fcber die Erfahrung und die Kapazit\u00e4t, um sich in ihrem Zielmarkt durch kreativen Erfindergeist, Flexibilit\u00e4t und L\u00f6sungsorientiertheit hervorzuheben. Langj\u00e4hrige Gesch\u00e4ftsbeziehungen mit ihren Auftraggebern auf der Grundlage gegenseitigen Respekts f\u00fchren zu einer soliden Basis und zu stets optimalen Transportl\u00f6sungen. Die Transporte erfolgen haupts\u00e4chlich innerhalb Europas. <\/p>\n<p><strong>Der folgende Wagenpark steht zur Verf\u00fcgung:<\/strong><\/p>\n<p><a href=\"\/wordpress\/wp-content\/uploads\/2015\/10\/inernationaal-speciaal-transport.jpg\"><img decoding=\"async\" src=\"\/wordpress\/wp-content\/uploads\/2015\/10\/inernationaal-speciaal-transport.jpg\" alt=\"inernationaal-speciaal-transport\" width=\"50%\" height=\"auto\" class=\"alignright size-full wp-image-952\" srcset=\"http:\/\/rensink.nl\/wp-content\/uploads\/2015\/10\/inernationaal-speciaal-transport.jpg 1024w, http:\/\/rensink.nl\/wp-content\/uploads\/2015\/10\/inernationaal-speciaal-transport-300x225.jpg 300w\" sizes=\"(max-width: 1024px) 100vw, 1024px\" \/><\/a><\/p>\n<ul>\n<li>Flache Auflieger mit\/ohne Seitenplanken<\/li>\n<li>Flache, hydraulisch gesteuerte Tele-Auflieger, 2- und 3-fach bis zu 48 Meter ausziehbar<\/li>\n<li>2- und 3-achsige Anh\u00e4nger<\/li>\n<li>Semi-Tieflader, 3-4-5-6-7- und 8-achsig (einfach und doppelt ausziehbar)<\/li>\n<li>Tieflader in jeglicher Konfiguration mit Bodenh\u00f6hen ab 25 cm<\/li>\n<li>Modulare Achsreihen, die in Kombination mit verschiedenen Schwanenh\u00e4lsen und B\u00f6den (Maschinenb\u00f6den, Schmalplattform, verbreiterbarer Kesselboden) zu jeder beliebigen Fahrzeugkombination zusammengestellt werden k\u00f6nnen. Es sind Ladungsgewichte von bis zu 150 Tonnen m\u00f6glich.<\/li>\n<\/ul>\n","protected":false},"excerpt":{"rendered":"<p>Eines der Spezialgebiete von Rensink sind Sonder- und Schwertransporte. Die Firma Rensink verf\u00fcgt \u00fcber die Erfahrung und die Kapazit\u00e4t, um sich in ihrem Zielmarkt durch kreativen Erfindergeist, Flexibilit\u00e4t und L\u00f6sungsorientiertheit hervorzuheben. Langj\u00e4hrige Gesch\u00e4ftsbeziehungen mit ihren Auftraggebern auf der Grundlage gegenseitigen Respekts f\u00fchren zu einer soliden Basis und zu stets optimalen Transportl\u00f6sungen. Die Transporte erfolgen haupts\u00e4chlich &hellip;<\/p>\n","protected":false},"author":1,"featured_media":952,"parent":777,"menu_order":0,"comment_status":"closed","ping_status":"closed","template":"","meta":{"_acf_changed":false,"footnotes":""},"class_list":["post-740","page","type-page","status-publish","has-post-thumbnail","hentry"],"acf":[],"yoast_head":"<!-- This site is optimized with the Yoast SEO plugin v24.7 - https:\/\/yoast.com\/wordpress\/plugins\/seo\/ -->\n<title>Sondertransporte - Rensink Almelo<\/title>\n<meta name=\"robots\" content=\"index, follow, max-snippet:-1, max-image-preview:large, max-video-preview:-1\" \/>\n<link rel=\"canonical\" href=\"http:\/\/rensink.nl\/de\/diensten\/internationaal-speciaal-transport\/\" \/>\n<meta property=\"og:locale\" content=\"de_DE\" \/>\n<meta property=\"og:type\" content=\"article\" \/>\n<meta property=\"og:title\" content=\"Sondertransporte - Rensink Almelo\" \/>\n<meta property=\"og:description\" content=\"Eines der Spezialgebiete von Rensink sind Sonder- und Schwertransporte. Die Firma Rensink verf\u00fcgt \u00fcber die Erfahrung und die Kapazit\u00e4t, um sich in ihrem Zielmarkt durch kreativen Erfindergeist, Flexibilit\u00e4t und L\u00f6sungsorientiertheit hervorzuheben. Langj\u00e4hrige Gesch\u00e4ftsbeziehungen mit ihren Auftraggebern auf der Grundlage gegenseitigen Respekts f\u00fchren zu einer soliden Basis und zu stets optimalen Transportl\u00f6sungen. Die Transporte erfolgen haupts\u00e4chlich &hellip;\" \/>\n<meta property=\"og:url\" content=\"http:\/\/rensink.nl\/de\/diensten\/internationaal-speciaal-transport\/\" \/>\n<meta property=\"og:site_name\" content=\"Rensink Almelo\" \/>\n<meta property=\"article:modified_time\" content=\"2015-12-02T10:20:35+00:00\" \/>\n<meta property=\"og:image\" content=\"http:\/\/rensink.nl\/wp-content\/uploads\/2015\/10\/inernationaal-speciaal-transport.jpg\" \/>\n\t<meta property=\"og:image:width\" content=\"1024\" \/>\n\t<meta property=\"og:image:height\" content=\"768\" \/>\n\t<meta property=\"og:image:type\" content=\"image\/jpeg\" \/>\n<meta name=\"twitter:card\" content=\"summary_large_image\" \/>\n<meta name=\"twitter:label1\" content=\"Gesch\u00e4tzte Lesezeit\" \/>\n\t<meta name=\"twitter:data1\" content=\"1\u00a0Minute\" \/>\n<script type=\"application\/ld+json\" class=\"yoast-schema-graph\">{\"@context\":\"https:\/\/schema.org\",\"@graph\":[{\"@type\":\"WebPage\",\"@id\":\"http:\/\/rensink.nl\/de\/diensten\/internationaal-speciaal-transport\/\",\"url\":\"http:\/\/rensink.nl\/de\/diensten\/internationaal-speciaal-transport\/\",\"name\":\"Sondertransporte - Rensink Almelo\",\"isPartOf\":{\"@id\":\"https:\/\/rensink.nl\/#website\"},\"primaryImageOfPage\":{\"@id\":\"http:\/\/rensink.nl\/de\/diensten\/internationaal-speciaal-transport\/#primaryimage\"},\"image\":{\"@id\":\"http:\/\/rensink.nl\/de\/diensten\/internationaal-speciaal-transport\/#primaryimage\"},\"thumbnailUrl\":\"http:\/\/rensink.nl\/wp-content\/uploads\/2015\/10\/inernationaal-speciaal-transport.jpg\",\"datePublished\":\"2015-10-20T11:20:00+00:00\",\"dateModified\":\"2015-12-02T10:20:35+00:00\",\"breadcrumb\":{\"@id\":\"http:\/\/rensink.nl\/de\/diensten\/internationaal-speciaal-transport\/#breadcrumb\"},\"inLanguage\":\"de\",\"potentialAction\":[{\"@type\":\"ReadAction\",\"target\":[\"http:\/\/rensink.nl\/de\/diensten\/internationaal-speciaal-transport\/\"]}]},{\"@type\":\"ImageObject\",\"inLanguage\":\"de\",\"@id\":\"http:\/\/rensink.nl\/de\/diensten\/internationaal-speciaal-transport\/#primaryimage\",\"url\":\"http:\/\/rensink.nl\/wp-content\/uploads\/2015\/10\/inernationaal-speciaal-transport.jpg\",\"contentUrl\":\"http:\/\/rensink.nl\/wp-content\/uploads\/2015\/10\/inernationaal-speciaal-transport.jpg\",\"width\":1024,\"height\":768},{\"@type\":\"BreadcrumbList\",\"@id\":\"http:\/\/rensink.nl\/de\/diensten\/internationaal-speciaal-transport\/#breadcrumb\",\"itemListElement\":[{\"@type\":\"ListItem\",\"position\":1,\"name\":\"Home\",\"item\":\"http:\/\/rensink.nl\/de\/\"},{\"@type\":\"ListItem\",\"position\":2,\"name\":\"Diensten\",\"item\":\"http:\/\/rensink.nl\/de\/diensten\/\"},{\"@type\":\"ListItem\",\"position\":3,\"name\":\"Sondertransporte\"}]},{\"@type\":\"WebSite\",\"@id\":\"https:\/\/rensink.nl\/#website\",\"url\":\"https:\/\/rensink.nl\/\",\"name\":\"Rensink Almelo\",\"description\":\"Transport &amp; Relocations\",\"potentialAction\":[{\"@type\":\"SearchAction\",\"target\":{\"@type\":\"EntryPoint\",\"urlTemplate\":\"https:\/\/rensink.nl\/?s={search_term_string}\"},\"query-input\":{\"@type\":\"PropertyValueSpecification\",\"valueRequired\":true,\"valueName\":\"search_term_string\"}}],\"inLanguage\":\"de\"}]}<\/script>\n<!-- \/ Yoast SEO plugin. -->","yoast_head_json":{"title":"Sondertransporte - Rensink Almelo","robots":{"index":"index","follow":"follow","max-snippet":"max-snippet:-1","max-image-preview":"max-image-preview:large","max-video-preview":"max-video-preview:-1"},"canonical":"http:\/\/rensink.nl\/de\/diensten\/internationaal-speciaal-transport\/","og_locale":"de_DE","og_type":"article","og_title":"Sondertransporte - Rensink Almelo","og_description":"Eines der Spezialgebiete von Rensink sind Sonder- und Schwertransporte. Die Firma Rensink verf\u00fcgt \u00fcber die Erfahrung und die Kapazit\u00e4t, um sich in ihrem Zielmarkt durch kreativen Erfindergeist, Flexibilit\u00e4t und L\u00f6sungsorientiertheit hervorzuheben. Langj\u00e4hrige Gesch\u00e4ftsbeziehungen mit ihren Auftraggebern auf der Grundlage gegenseitigen Respekts f\u00fchren zu einer soliden Basis und zu stets optimalen Transportl\u00f6sungen. Die Transporte erfolgen haupts\u00e4chlich &hellip;","og_url":"http:\/\/rensink.nl\/de\/diensten\/internationaal-speciaal-transport\/","og_site_name":"Rensink Almelo","article_modified_time":"2015-12-02T10:20:35+00:00","og_image":[{"width":1024,"height":768,"url":"http:\/\/rensink.nl\/wp-content\/uploads\/2015\/10\/inernationaal-speciaal-transport.jpg","type":"image\/jpeg"}],"twitter_card":"summary_large_image","twitter_misc":{"Gesch\u00e4tzte Lesezeit":"1\u00a0Minute"},"schema":{"@context":"https:\/\/schema.org","@graph":[{"@type":"WebPage","@id":"http:\/\/rensink.nl\/de\/diensten\/internationaal-speciaal-transport\/","url":"http:\/\/rensink.nl\/de\/diensten\/internationaal-speciaal-transport\/","name":"Sondertransporte - Rensink Almelo","isPartOf":{"@id":"https:\/\/rensink.nl\/#website"},"primaryImageOfPage":{"@id":"http:\/\/rensink.nl\/de\/diensten\/internationaal-speciaal-transport\/#primaryimage"},"image":{"@id":"http:\/\/rensink.nl\/de\/diensten\/internationaal-speciaal-transport\/#primaryimage"},"thumbnailUrl":"http:\/\/rensink.nl\/wp-content\/uploads\/2015\/10\/inernationaal-speciaal-transport.jpg","datePublished":"2015-10-20T11:20:00+00:00","dateModified":"2015-12-02T10:20:35+00:00","breadcrumb":{"@id":"http:\/\/rensink.nl\/de\/diensten\/internationaal-speciaal-transport\/#breadcrumb"},"inLanguage":"de","potentialAction":[{"@type":"ReadAction","target":["http:\/\/rensink.nl\/de\/diensten\/internationaal-speciaal-transport\/"]}]},{"@type":"ImageObject","inLanguage":"de","@id":"http:\/\/rensink.nl\/de\/diensten\/internationaal-speciaal-transport\/#primaryimage","url":"http:\/\/rensink.nl\/wp-content\/uploads\/2015\/10\/inernationaal-speciaal-transport.jpg","contentUrl":"http:\/\/rensink.nl\/wp-content\/uploads\/2015\/10\/inernationaal-speciaal-transport.jpg","width":1024,"height":768},{"@type":"BreadcrumbList","@id":"http:\/\/rensink.nl\/de\/diensten\/internationaal-speciaal-transport\/#breadcrumb","itemListElement":[{"@type":"ListItem","position":1,"name":"Home","item":"http:\/\/rensink.nl\/de\/"},{"@type":"ListItem","position":2,"name":"Diensten","item":"http:\/\/rensink.nl\/de\/diensten\/"},{"@type":"ListItem","position":3,"name":"Sondertransporte"}]},{"@type":"WebSite","@id":"https:\/\/rensink.nl\/#website","url":"https:\/\/rensink.nl\/","name":"Rensink Almelo","description":"Transport &amp; Relocations","potentialAction":[{"@type":"SearchAction","target":{"@type":"EntryPoint","urlTemplate":"https:\/\/rensink.nl\/?s={search_term_string}"},"query-input":{"@type":"PropertyValueSpecification","valueRequired":true,"valueName":"search_term_string"}}],"inLanguage":"de"}]}},"_links":{"self":[{"href":"http:\/\/rensink.nl\/de\/wp-json\/wp\/v2\/pages\/740","targetHints":{"allow":["GET"]}}],"collection":[{"href":"http:\/\/rensink.nl\/de\/wp-json\/wp\/v2\/pages"}],"about":[{"href":"http:\/\/rensink.nl\/de\/wp-json\/wp\/v2\/types\/page"}],"author":[{"embeddable":true,"href":"http:\/\/rensink.nl\/de\/wp-json\/wp\/v2\/users\/1"}],"replies":[{"embeddable":true,"href":"http:\/\/rensink.nl\/de\/wp-json\/wp\/v2\/comments?post=740"}],"version-history":[{"count":5,"href":"http:\/\/rensink.nl\/de\/wp-json\/wp\/v2\/pages\/740\/revisions"}],"predecessor-version":[{"id":975,"href":"http:\/\/rensink.nl\/de\/wp-json\/wp\/v2\/pages\/740\/revisions\/975"}],"up":[{"embeddable":true,"href":"http:\/\/rensink.nl\/de\/wp-json\/wp\/v2\/pages\/777"}],"wp:featuredmedia":[{"embeddable":true,"href":"http:\/\/rensink.nl\/de\/wp-json\/wp\/v2\/media\/952"}],"wp:attachment":[{"href":"http:\/\/rensink.nl\/de\/wp-json\/wp\/v2\/media?parent=740"}],"curies":[{"name":"wp","href":"https:\/\/api.w.org\/{rel}","templated":true}]}}