{"id":749,"date":"2015-10-20T12:20:26","date_gmt":"2015-10-20T11:20:26","guid":{"rendered":"http:\/\/ar.mijnwebsitestatus.nl\/gespecialiseerd-machine-vervoer\/?lang=de"},"modified":"2015-12-02T15:34:53","modified_gmt":"2015-12-02T14:34:53","slug":"gespecialiseerd-machine-vervoer","status":"publish","type":"page","link":"http:\/\/rensink.nl\/de\/diensten\/gespecialiseerd-machine-vervoer\/","title":{"rendered":"Gro\u00dfraum Maschinentransport"},"content":{"rendered":"<p>Spezieller horizontaler und vertikaler Maschinentransport ist eine Spezialisierung von Rensink. Wir verf\u00fcgen \u00fcber all das erforderliche Material, um diese Transporte f\u00fcr Sie durchf\u00fchren zu k\u00f6nnen und ber\u00fccksichtigen alle Facetten, mit denen wir bei dieser speziellen Art des Transportes zu tun haben: Ma\u00dfe und Gewicht der Maschine, Umgebungsbedingungen. Ihr Material wird auf unseren Transportaufliegern und -anh\u00e4ngern konditioniert unter einer Aufliegerplane und fachkundig verzurrt transportiert, so dass Sie sorglos zuschauen k\u00f6nnen.<\/p>\n<p><strong>Der folgende Wagenpark steht zur Verf\u00fcgung:<\/strong><br \/>\n<a href=\"\/wordpress\/wp-content\/uploads\/2015\/10\/gespecialiseerd-machine-vervoer.jpg\"><img decoding=\"async\" src=\"\/wordpress\/wp-content\/uploads\/2015\/10\/gespecialiseerd-machine-vervoer.jpg\" alt=\"gespecialiseerd-machine-vervoer\" width=\"50%\" height=\"auto\" class=\"alignright size-full wp-image-998\" srcset=\"http:\/\/rensink.nl\/wp-content\/uploads\/2015\/10\/gespecialiseerd-machine-vervoer.jpg 1024w, http:\/\/rensink.nl\/wp-content\/uploads\/2015\/10\/gespecialiseerd-machine-vervoer-300x200.jpg 300w, http:\/\/rensink.nl\/wp-content\/uploads\/2015\/10\/gespecialiseerd-machine-vervoer-360x240.jpg 360w, http:\/\/rensink.nl\/wp-content\/uploads\/2015\/10\/gespecialiseerd-machine-vervoer-272x182.jpg 272w\" sizes=\"(max-width: 1024px) 100vw, 1024px\" \/><\/a><\/p>\n<ul>\n<li>Mega Planenauflieger verbreiterbar bis 4 Meter<\/li>\n<li>3 achsige Semi-Planenauflieger verbreiterbar bis 4,5 Meter<\/li>\n<li>4 achsige Semi-Planenauflieger verbreiterbar bis 4,5 Meter<\/li>\n<li>4 achsige mega Semi-Planenauflieger verbreiterbar bis 4,5 Meter<\/li>\n<\/ul>\n","protected":false},"excerpt":{"rendered":"<p>Spezieller horizontaler und vertikaler Maschinentransport ist eine Spezialisierung von Rensink. Wir verf\u00fcgen \u00fcber all das erforderliche Material, um diese Transporte f\u00fcr Sie durchf\u00fchren zu k\u00f6nnen und ber\u00fccksichtigen alle Facetten, mit denen wir bei dieser speziellen Art des Transportes zu tun haben: Ma\u00dfe und Gewicht der Maschine, Umgebungsbedingungen. Ihr Material wird auf unseren Transportaufliegern und -anh\u00e4ngern &hellip;<\/p>\n","protected":false},"author":1,"featured_media":998,"parent":777,"menu_order":0,"comment_status":"closed","ping_status":"closed","template":"","meta":{"_acf_changed":false,"footnotes":""},"class_list":["post-749","page","type-page","status-publish","has-post-thumbnail","hentry"],"acf":[],"yoast_head":"<!-- This site is optimized with the Yoast SEO plugin v24.7 - https:\/\/yoast.com\/wordpress\/plugins\/seo\/ -->\n<title>Gro\u00dfraum Maschinentransport - Rensink Almelo<\/title>\n<meta name=\"robots\" content=\"index, follow, max-snippet:-1, max-image-preview:large, max-video-preview:-1\" \/>\n<link rel=\"canonical\" href=\"http:\/\/rensink.nl\/de\/diensten\/gespecialiseerd-machine-vervoer\/\" \/>\n<meta property=\"og:locale\" content=\"de_DE\" \/>\n<meta property=\"og:type\" content=\"article\" \/>\n<meta property=\"og:title\" content=\"Gro\u00dfraum Maschinentransport - Rensink Almelo\" \/>\n<meta property=\"og:description\" content=\"Spezieller horizontaler und vertikaler Maschinentransport ist eine Spezialisierung von Rensink. Wir verf\u00fcgen \u00fcber all das erforderliche Material, um diese Transporte f\u00fcr Sie durchf\u00fchren zu k\u00f6nnen und ber\u00fccksichtigen alle Facetten, mit denen wir bei dieser speziellen Art des Transportes zu tun haben: Ma\u00dfe und Gewicht der Maschine, Umgebungsbedingungen. Ihr Material wird auf unseren Transportaufliegern und -anh\u00e4ngern &hellip;\" \/>\n<meta property=\"og:url\" content=\"http:\/\/rensink.nl\/de\/diensten\/gespecialiseerd-machine-vervoer\/\" \/>\n<meta property=\"og:site_name\" content=\"Rensink Almelo\" \/>\n<meta property=\"article:modified_time\" content=\"2015-12-02T14:34:53+00:00\" \/>\n<meta property=\"og:image\" content=\"http:\/\/rensink.nl\/wp-content\/uploads\/2015\/10\/gespecialiseerd-machine-vervoer.jpg\" \/>\n\t<meta property=\"og:image:width\" content=\"1024\" \/>\n\t<meta property=\"og:image:height\" content=\"683\" \/>\n\t<meta property=\"og:image:type\" content=\"image\/jpeg\" \/>\n<meta name=\"twitter:card\" content=\"summary_large_image\" \/>\n<meta name=\"twitter:label1\" content=\"Gesch\u00e4tzte Lesezeit\" \/>\n\t<meta name=\"twitter:data1\" content=\"1\u00a0Minute\" \/>\n<script type=\"application\/ld+json\" class=\"yoast-schema-graph\">{\"@context\":\"https:\/\/schema.org\",\"@graph\":[{\"@type\":\"WebPage\",\"@id\":\"http:\/\/rensink.nl\/de\/diensten\/gespecialiseerd-machine-vervoer\/\",\"url\":\"http:\/\/rensink.nl\/de\/diensten\/gespecialiseerd-machine-vervoer\/\",\"name\":\"Gro\u00dfraum Maschinentransport - Rensink Almelo\",\"isPartOf\":{\"@id\":\"https:\/\/rensink.nl\/#website\"},\"primaryImageOfPage\":{\"@id\":\"http:\/\/rensink.nl\/de\/diensten\/gespecialiseerd-machine-vervoer\/#primaryimage\"},\"image\":{\"@id\":\"http:\/\/rensink.nl\/de\/diensten\/gespecialiseerd-machine-vervoer\/#primaryimage\"},\"thumbnailUrl\":\"http:\/\/rensink.nl\/wp-content\/uploads\/2015\/10\/gespecialiseerd-machine-vervoer.jpg\",\"datePublished\":\"2015-10-20T11:20:26+00:00\",\"dateModified\":\"2015-12-02T14:34:53+00:00\",\"breadcrumb\":{\"@id\":\"http:\/\/rensink.nl\/de\/diensten\/gespecialiseerd-machine-vervoer\/#breadcrumb\"},\"inLanguage\":\"de\",\"potentialAction\":[{\"@type\":\"ReadAction\",\"target\":[\"http:\/\/rensink.nl\/de\/diensten\/gespecialiseerd-machine-vervoer\/\"]}]},{\"@type\":\"ImageObject\",\"inLanguage\":\"de\",\"@id\":\"http:\/\/rensink.nl\/de\/diensten\/gespecialiseerd-machine-vervoer\/#primaryimage\",\"url\":\"http:\/\/rensink.nl\/wp-content\/uploads\/2015\/10\/gespecialiseerd-machine-vervoer.jpg\",\"contentUrl\":\"http:\/\/rensink.nl\/wp-content\/uploads\/2015\/10\/gespecialiseerd-machine-vervoer.jpg\",\"width\":1024,\"height\":683},{\"@type\":\"BreadcrumbList\",\"@id\":\"http:\/\/rensink.nl\/de\/diensten\/gespecialiseerd-machine-vervoer\/#breadcrumb\",\"itemListElement\":[{\"@type\":\"ListItem\",\"position\":1,\"name\":\"Home\",\"item\":\"http:\/\/rensink.nl\/de\/\"},{\"@type\":\"ListItem\",\"position\":2,\"name\":\"Diensten\",\"item\":\"http:\/\/rensink.nl\/de\/diensten\/\"},{\"@type\":\"ListItem\",\"position\":3,\"name\":\"Gro\u00dfraum Maschinentransport\"}]},{\"@type\":\"WebSite\",\"@id\":\"https:\/\/rensink.nl\/#website\",\"url\":\"https:\/\/rensink.nl\/\",\"name\":\"Rensink Almelo\",\"description\":\"Transport &amp; Relocations\",\"potentialAction\":[{\"@type\":\"SearchAction\",\"target\":{\"@type\":\"EntryPoint\",\"urlTemplate\":\"https:\/\/rensink.nl\/?s={search_term_string}\"},\"query-input\":{\"@type\":\"PropertyValueSpecification\",\"valueRequired\":true,\"valueName\":\"search_term_string\"}}],\"inLanguage\":\"de\"}]}<\/script>\n<!-- \/ Yoast SEO plugin. -->","yoast_head_json":{"title":"Gro\u00dfraum Maschinentransport - Rensink Almelo","robots":{"index":"index","follow":"follow","max-snippet":"max-snippet:-1","max-image-preview":"max-image-preview:large","max-video-preview":"max-video-preview:-1"},"canonical":"http:\/\/rensink.nl\/de\/diensten\/gespecialiseerd-machine-vervoer\/","og_locale":"de_DE","og_type":"article","og_title":"Gro\u00dfraum Maschinentransport - Rensink Almelo","og_description":"Spezieller horizontaler und vertikaler Maschinentransport ist eine Spezialisierung von Rensink. Wir verf\u00fcgen \u00fcber all das erforderliche Material, um diese Transporte f\u00fcr Sie durchf\u00fchren zu k\u00f6nnen und ber\u00fccksichtigen alle Facetten, mit denen wir bei dieser speziellen Art des Transportes zu tun haben: Ma\u00dfe und Gewicht der Maschine, Umgebungsbedingungen. Ihr Material wird auf unseren Transportaufliegern und -anh\u00e4ngern &hellip;","og_url":"http:\/\/rensink.nl\/de\/diensten\/gespecialiseerd-machine-vervoer\/","og_site_name":"Rensink Almelo","article_modified_time":"2015-12-02T14:34:53+00:00","og_image":[{"width":1024,"height":683,"url":"http:\/\/rensink.nl\/wp-content\/uploads\/2015\/10\/gespecialiseerd-machine-vervoer.jpg","type":"image\/jpeg"}],"twitter_card":"summary_large_image","twitter_misc":{"Gesch\u00e4tzte Lesezeit":"1\u00a0Minute"},"schema":{"@context":"https:\/\/schema.org","@graph":[{"@type":"WebPage","@id":"http:\/\/rensink.nl\/de\/diensten\/gespecialiseerd-machine-vervoer\/","url":"http:\/\/rensink.nl\/de\/diensten\/gespecialiseerd-machine-vervoer\/","name":"Gro\u00dfraum Maschinentransport - Rensink Almelo","isPartOf":{"@id":"https:\/\/rensink.nl\/#website"},"primaryImageOfPage":{"@id":"http:\/\/rensink.nl\/de\/diensten\/gespecialiseerd-machine-vervoer\/#primaryimage"},"image":{"@id":"http:\/\/rensink.nl\/de\/diensten\/gespecialiseerd-machine-vervoer\/#primaryimage"},"thumbnailUrl":"http:\/\/rensink.nl\/wp-content\/uploads\/2015\/10\/gespecialiseerd-machine-vervoer.jpg","datePublished":"2015-10-20T11:20:26+00:00","dateModified":"2015-12-02T14:34:53+00:00","breadcrumb":{"@id":"http:\/\/rensink.nl\/de\/diensten\/gespecialiseerd-machine-vervoer\/#breadcrumb"},"inLanguage":"de","potentialAction":[{"@type":"ReadAction","target":["http:\/\/rensink.nl\/de\/diensten\/gespecialiseerd-machine-vervoer\/"]}]},{"@type":"ImageObject","inLanguage":"de","@id":"http:\/\/rensink.nl\/de\/diensten\/gespecialiseerd-machine-vervoer\/#primaryimage","url":"http:\/\/rensink.nl\/wp-content\/uploads\/2015\/10\/gespecialiseerd-machine-vervoer.jpg","contentUrl":"http:\/\/rensink.nl\/wp-content\/uploads\/2015\/10\/gespecialiseerd-machine-vervoer.jpg","width":1024,"height":683},{"@type":"BreadcrumbList","@id":"http:\/\/rensink.nl\/de\/diensten\/gespecialiseerd-machine-vervoer\/#breadcrumb","itemListElement":[{"@type":"ListItem","position":1,"name":"Home","item":"http:\/\/rensink.nl\/de\/"},{"@type":"ListItem","position":2,"name":"Diensten","item":"http:\/\/rensink.nl\/de\/diensten\/"},{"@type":"ListItem","position":3,"name":"Gro\u00dfraum Maschinentransport"}]},{"@type":"WebSite","@id":"https:\/\/rensink.nl\/#website","url":"https:\/\/rensink.nl\/","name":"Rensink Almelo","description":"Transport &amp; Relocations","potentialAction":[{"@type":"SearchAction","target":{"@type":"EntryPoint","urlTemplate":"https:\/\/rensink.nl\/?s={search_term_string}"},"query-input":{"@type":"PropertyValueSpecification","valueRequired":true,"valueName":"search_term_string"}}],"inLanguage":"de"}]}},"_links":{"self":[{"href":"http:\/\/rensink.nl\/de\/wp-json\/wp\/v2\/pages\/749","targetHints":{"allow":["GET"]}}],"collection":[{"href":"http:\/\/rensink.nl\/de\/wp-json\/wp\/v2\/pages"}],"about":[{"href":"http:\/\/rensink.nl\/de\/wp-json\/wp\/v2\/types\/page"}],"author":[{"embeddable":true,"href":"http:\/\/rensink.nl\/de\/wp-json\/wp\/v2\/users\/1"}],"replies":[{"embeddable":true,"href":"http:\/\/rensink.nl\/de\/wp-json\/wp\/v2\/comments?post=749"}],"version-history":[{"count":4,"href":"http:\/\/rensink.nl\/de\/wp-json\/wp\/v2\/pages\/749\/revisions"}],"predecessor-version":[{"id":1000,"href":"http:\/\/rensink.nl\/de\/wp-json\/wp\/v2\/pages\/749\/revisions\/1000"}],"up":[{"embeddable":true,"href":"http:\/\/rensink.nl\/de\/wp-json\/wp\/v2\/pages\/777"}],"wp:featuredmedia":[{"embeddable":true,"href":"http:\/\/rensink.nl\/de\/wp-json\/wp\/v2\/media\/998"}],"wp:attachment":[{"href":"http:\/\/rensink.nl\/de\/wp-json\/wp\/v2\/media?parent=749"}],"curies":[{"name":"wp","href":"https:\/\/api.w.org\/{rel}","templated":true}]}}