{"id":762,"date":"2015-10-20T12:21:01","date_gmt":"2015-10-20T11:21:01","guid":{"rendered":"http:\/\/ar.mijnwebsitestatus.nl\/demontage-en-montage\/?lang=de"},"modified":"2015-12-04T10:24:33","modified_gmt":"2015-12-04T09:24:33","slug":"demontage-en-montage","status":"publish","type":"page","link":"http:\/\/rensink.nl\/de\/diensten\/demontage-en-montage\/","title":{"rendered":"Maschinenverlagerung"},"content":{"rendered":"<p>Rensink ist dazu in der Lage, mit eigenem Personal an nahezu jedem Ort (sowohl drinnen als auch drau\u00dfen) Maschinen und\/oder Objekte mechanisch\/elektrisch und hydraulisch zu (de-)montieren. Verschiedene Werkzeuge wie Lift- und Hubsysteme, Transportrollen, Hubkissen usw. geh\u00f6ren zur Standardausr\u00fcstung unserer Montageteams. <\/p>\n<p><a href=\"\/wordpress\/wp-content\/uploads\/2015\/10\/demontage-montage-2.jpg\"><img decoding=\"async\" src=\"\/wordpress\/wp-content\/uploads\/2015\/10\/demontage-montage-2.jpg\" alt=\"demontage-montage-2\" width=\"50%\" height=\"auto\" class=\"alignright size-full wp-image-1054\" srcset=\"http:\/\/rensink.nl\/wp-content\/uploads\/2015\/10\/demontage-montage-2.jpg 1024w, http:\/\/rensink.nl\/wp-content\/uploads\/2015\/10\/demontage-montage-2-300x225.jpg 300w\" sizes=\"(max-width: 1024px) 100vw, 1024px\" \/><\/a>Der interne Transport ist ebenso ein Bestandteil unseres Services wie auch der Transport an einen anderen, n\u00e4her festzulegenden Standort. Dabei handelt es sich in allen F\u00e4llen um Ma\u00dfarbeit und fast immer erfolgt im Vorfeld eine Bestandsaufnahme, um bei Arbeitsbeginn \u00dcberraschungen, Verz\u00f6gerungen und somit zus\u00e4tzliche Kosten ausschlie\u00dfen zu k\u00f6nnen.<\/p>\n<p>Bestehende Maschinen, die an einem neuen Standort aufgestellt werden sollen, m\u00fcssen ges\u00e4ubert werden und frei von Verunreinigungen sein. Rensink Almelo BV bietet diesen Service und ist in der Lage, schon bei einer eventuellen Demontage die diversen Teile zu reinigen, wodurch nach der erneuten Montage eine saubere Maschine gegeben ist. Selbstverst\u00e4ndlich k\u00f6nnen auch bestehende Maschinen gereinigt werden. Die Arbeiten erfolgen so, dass die Umwelt und die Umgebung minimal beeintr\u00e4chtigt werden. Die eventuellen Abfallstoffe k\u00f6nnen in Absprache mit Rensink Almelo BV abtransportiert werden.<\/p>\n","protected":false},"excerpt":{"rendered":"<p>Rensink ist dazu in der Lage, mit eigenem Personal an nahezu jedem Ort (sowohl drinnen als auch drau\u00dfen) Maschinen und\/oder Objekte mechanisch\/elektrisch und hydraulisch zu (de-)montieren. Verschiedene Werkzeuge wie Lift- und Hubsysteme, Transportrollen, Hubkissen usw. geh\u00f6ren zur Standardausr\u00fcstung unserer Montageteams. Der interne Transport ist ebenso ein Bestandteil unseres Services wie auch der Transport an einen &hellip;<\/p>\n","protected":false},"author":1,"featured_media":1002,"parent":777,"menu_order":0,"comment_status":"closed","ping_status":"closed","template":"","meta":{"_acf_changed":false,"footnotes":""},"class_list":["post-762","page","type-page","status-publish","has-post-thumbnail","hentry"],"acf":[],"yoast_head":"<!-- This site is optimized with the Yoast SEO plugin v24.7 - https:\/\/yoast.com\/wordpress\/plugins\/seo\/ -->\n<title>Maschinenverlagerung - Rensink Almelo<\/title>\n<meta name=\"robots\" content=\"index, follow, max-snippet:-1, max-image-preview:large, max-video-preview:-1\" \/>\n<link rel=\"canonical\" href=\"http:\/\/rensink.nl\/de\/diensten\/demontage-en-montage\/\" \/>\n<meta property=\"og:locale\" content=\"de_DE\" \/>\n<meta property=\"og:type\" content=\"article\" \/>\n<meta property=\"og:title\" content=\"Maschinenverlagerung - Rensink Almelo\" \/>\n<meta property=\"og:description\" content=\"Rensink ist dazu in der Lage, mit eigenem Personal an nahezu jedem Ort (sowohl drinnen als auch drau\u00dfen) Maschinen und\/oder Objekte mechanisch\/elektrisch und hydraulisch zu (de-)montieren. Verschiedene Werkzeuge wie Lift- und Hubsysteme, Transportrollen, Hubkissen usw. geh\u00f6ren zur Standardausr\u00fcstung unserer Montageteams. Der interne Transport ist ebenso ein Bestandteil unseres Services wie auch der Transport an einen &hellip;\" \/>\n<meta property=\"og:url\" content=\"http:\/\/rensink.nl\/de\/diensten\/demontage-en-montage\/\" \/>\n<meta property=\"og:site_name\" content=\"Rensink Almelo\" \/>\n<meta property=\"article:modified_time\" content=\"2015-12-04T09:24:33+00:00\" \/>\n<meta property=\"og:image\" content=\"http:\/\/rensink.nl\/wp-content\/uploads\/2015\/10\/demontage-montage.jpg\" \/>\n\t<meta property=\"og:image:width\" content=\"1024\" \/>\n\t<meta property=\"og:image:height\" content=\"576\" \/>\n\t<meta property=\"og:image:type\" content=\"image\/jpeg\" \/>\n<meta name=\"twitter:card\" content=\"summary_large_image\" \/>\n<meta name=\"twitter:label1\" content=\"Gesch\u00e4tzte Lesezeit\" \/>\n\t<meta name=\"twitter:data1\" content=\"1\u00a0Minute\" \/>\n<script type=\"application\/ld+json\" class=\"yoast-schema-graph\">{\"@context\":\"https:\/\/schema.org\",\"@graph\":[{\"@type\":\"WebPage\",\"@id\":\"http:\/\/rensink.nl\/de\/diensten\/demontage-en-montage\/\",\"url\":\"http:\/\/rensink.nl\/de\/diensten\/demontage-en-montage\/\",\"name\":\"Maschinenverlagerung - Rensink Almelo\",\"isPartOf\":{\"@id\":\"http:\/\/rensink.nl\/#website\"},\"primaryImageOfPage\":{\"@id\":\"http:\/\/rensink.nl\/de\/diensten\/demontage-en-montage\/#primaryimage\"},\"image\":{\"@id\":\"http:\/\/rensink.nl\/de\/diensten\/demontage-en-montage\/#primaryimage\"},\"thumbnailUrl\":\"http:\/\/rensink.nl\/wp-content\/uploads\/2015\/10\/demontage-montage.jpg\",\"datePublished\":\"2015-10-20T11:21:01+00:00\",\"dateModified\":\"2015-12-04T09:24:33+00:00\",\"breadcrumb\":{\"@id\":\"http:\/\/rensink.nl\/de\/diensten\/demontage-en-montage\/#breadcrumb\"},\"inLanguage\":\"de\",\"potentialAction\":[{\"@type\":\"ReadAction\",\"target\":[\"http:\/\/rensink.nl\/de\/diensten\/demontage-en-montage\/\"]}]},{\"@type\":\"ImageObject\",\"inLanguage\":\"de\",\"@id\":\"http:\/\/rensink.nl\/de\/diensten\/demontage-en-montage\/#primaryimage\",\"url\":\"http:\/\/rensink.nl\/wp-content\/uploads\/2015\/10\/demontage-montage.jpg\",\"contentUrl\":\"http:\/\/rensink.nl\/wp-content\/uploads\/2015\/10\/demontage-montage.jpg\",\"width\":1024,\"height\":576},{\"@type\":\"BreadcrumbList\",\"@id\":\"http:\/\/rensink.nl\/de\/diensten\/demontage-en-montage\/#breadcrumb\",\"itemListElement\":[{\"@type\":\"ListItem\",\"position\":1,\"name\":\"Home\",\"item\":\"http:\/\/rensink.nl\/de\/\"},{\"@type\":\"ListItem\",\"position\":2,\"name\":\"Diensten\",\"item\":\"http:\/\/rensink.nl\/de\/diensten\/\"},{\"@type\":\"ListItem\",\"position\":3,\"name\":\"Maschinenverlagerung\"}]},{\"@type\":\"WebSite\",\"@id\":\"http:\/\/rensink.nl\/#website\",\"url\":\"http:\/\/rensink.nl\/\",\"name\":\"Rensink Almelo\",\"description\":\"Transport &amp; Relocations\",\"potentialAction\":[{\"@type\":\"SearchAction\",\"target\":{\"@type\":\"EntryPoint\",\"urlTemplate\":\"http:\/\/rensink.nl\/?s={search_term_string}\"},\"query-input\":{\"@type\":\"PropertyValueSpecification\",\"valueRequired\":true,\"valueName\":\"search_term_string\"}}],\"inLanguage\":\"de\"}]}<\/script>\n<!-- \/ Yoast SEO plugin. -->","yoast_head_json":{"title":"Maschinenverlagerung - Rensink Almelo","robots":{"index":"index","follow":"follow","max-snippet":"max-snippet:-1","max-image-preview":"max-image-preview:large","max-video-preview":"max-video-preview:-1"},"canonical":"http:\/\/rensink.nl\/de\/diensten\/demontage-en-montage\/","og_locale":"de_DE","og_type":"article","og_title":"Maschinenverlagerung - Rensink Almelo","og_description":"Rensink ist dazu in der Lage, mit eigenem Personal an nahezu jedem Ort (sowohl drinnen als auch drau\u00dfen) Maschinen und\/oder Objekte mechanisch\/elektrisch und hydraulisch zu (de-)montieren. Verschiedene Werkzeuge wie Lift- und Hubsysteme, Transportrollen, Hubkissen usw. geh\u00f6ren zur Standardausr\u00fcstung unserer Montageteams. Der interne Transport ist ebenso ein Bestandteil unseres Services wie auch der Transport an einen &hellip;","og_url":"http:\/\/rensink.nl\/de\/diensten\/demontage-en-montage\/","og_site_name":"Rensink Almelo","article_modified_time":"2015-12-04T09:24:33+00:00","og_image":[{"width":1024,"height":576,"url":"http:\/\/rensink.nl\/wp-content\/uploads\/2015\/10\/demontage-montage.jpg","type":"image\/jpeg"}],"twitter_card":"summary_large_image","twitter_misc":{"Gesch\u00e4tzte Lesezeit":"1\u00a0Minute"},"schema":{"@context":"https:\/\/schema.org","@graph":[{"@type":"WebPage","@id":"http:\/\/rensink.nl\/de\/diensten\/demontage-en-montage\/","url":"http:\/\/rensink.nl\/de\/diensten\/demontage-en-montage\/","name":"Maschinenverlagerung - Rensink Almelo","isPartOf":{"@id":"http:\/\/rensink.nl\/#website"},"primaryImageOfPage":{"@id":"http:\/\/rensink.nl\/de\/diensten\/demontage-en-montage\/#primaryimage"},"image":{"@id":"http:\/\/rensink.nl\/de\/diensten\/demontage-en-montage\/#primaryimage"},"thumbnailUrl":"http:\/\/rensink.nl\/wp-content\/uploads\/2015\/10\/demontage-montage.jpg","datePublished":"2015-10-20T11:21:01+00:00","dateModified":"2015-12-04T09:24:33+00:00","breadcrumb":{"@id":"http:\/\/rensink.nl\/de\/diensten\/demontage-en-montage\/#breadcrumb"},"inLanguage":"de","potentialAction":[{"@type":"ReadAction","target":["http:\/\/rensink.nl\/de\/diensten\/demontage-en-montage\/"]}]},{"@type":"ImageObject","inLanguage":"de","@id":"http:\/\/rensink.nl\/de\/diensten\/demontage-en-montage\/#primaryimage","url":"http:\/\/rensink.nl\/wp-content\/uploads\/2015\/10\/demontage-montage.jpg","contentUrl":"http:\/\/rensink.nl\/wp-content\/uploads\/2015\/10\/demontage-montage.jpg","width":1024,"height":576},{"@type":"BreadcrumbList","@id":"http:\/\/rensink.nl\/de\/diensten\/demontage-en-montage\/#breadcrumb","itemListElement":[{"@type":"ListItem","position":1,"name":"Home","item":"http:\/\/rensink.nl\/de\/"},{"@type":"ListItem","position":2,"name":"Diensten","item":"http:\/\/rensink.nl\/de\/diensten\/"},{"@type":"ListItem","position":3,"name":"Maschinenverlagerung"}]},{"@type":"WebSite","@id":"http:\/\/rensink.nl\/#website","url":"http:\/\/rensink.nl\/","name":"Rensink Almelo","description":"Transport &amp; Relocations","potentialAction":[{"@type":"SearchAction","target":{"@type":"EntryPoint","urlTemplate":"http:\/\/rensink.nl\/?s={search_term_string}"},"query-input":{"@type":"PropertyValueSpecification","valueRequired":true,"valueName":"search_term_string"}}],"inLanguage":"de"}]}},"_links":{"self":[{"href":"http:\/\/rensink.nl\/de\/wp-json\/wp\/v2\/pages\/762","targetHints":{"allow":["GET"]}}],"collection":[{"href":"http:\/\/rensink.nl\/de\/wp-json\/wp\/v2\/pages"}],"about":[{"href":"http:\/\/rensink.nl\/de\/wp-json\/wp\/v2\/types\/page"}],"author":[{"embeddable":true,"href":"http:\/\/rensink.nl\/de\/wp-json\/wp\/v2\/users\/1"}],"replies":[{"embeddable":true,"href":"http:\/\/rensink.nl\/de\/wp-json\/wp\/v2\/comments?post=762"}],"version-history":[{"count":4,"href":"http:\/\/rensink.nl\/de\/wp-json\/wp\/v2\/pages\/762\/revisions"}],"predecessor-version":[{"id":1057,"href":"http:\/\/rensink.nl\/de\/wp-json\/wp\/v2\/pages\/762\/revisions\/1057"}],"up":[{"embeddable":true,"href":"http:\/\/rensink.nl\/de\/wp-json\/wp\/v2\/pages\/777"}],"wp:featuredmedia":[{"embeddable":true,"href":"http:\/\/rensink.nl\/de\/wp-json\/wp\/v2\/media\/1002"}],"wp:attachment":[{"href":"http:\/\/rensink.nl\/de\/wp-json\/wp\/v2\/media?parent=762"}],"curies":[{"name":"wp","href":"https:\/\/api.w.org\/{rel}","templated":true}]}}