{"id":767,"date":"2015-10-20T12:21:19","date_gmt":"2015-10-20T11:21:19","guid":{"rendered":"http:\/\/ar.mijnwebsitestatus.nl\/speciale-hijswerken\/?lang=de"},"modified":"2015-12-04T10:20:47","modified_gmt":"2015-12-04T09:20:47","slug":"speciale-hijswerken","status":"publish","type":"page","link":"http:\/\/rensink.nl\/de\/diensten\/speciale-hijswerken\/","title":{"rendered":"Hebetechnik"},"content":{"rendered":"<p><a href=\"\/wordpress\/wp-content\/uploads\/2015\/10\/demontage-montage.jpg\"><img decoding=\"async\" src=\"\/wordpress\/wp-content\/uploads\/2015\/10\/demontage-montage.jpg\" alt=\"demontage-montage\" width=\"50%\" height=\"auto\" class=\"alignright size-full wp-image-1002\" srcset=\"http:\/\/rensink.nl\/wp-content\/uploads\/2015\/10\/demontage-montage.jpg 1024w, http:\/\/rensink.nl\/wp-content\/uploads\/2015\/10\/demontage-montage-300x169.jpg 300w, http:\/\/rensink.nl\/wp-content\/uploads\/2015\/10\/demontage-montage-360x204.jpg 360w\" sizes=\"(max-width: 1024px) 100vw, 1024px\" \/><\/a>Infolge des Maschinentransports ist das Bed\u00fcrfnis entstanden, diese Ladungen auch auf- und abzuladen. Das Auf- und Abladen erfolgt mit schweren Autoladekr\u00e4nen; f\u00fcr komplexe und schwere Ladungen steht allerdings ein Arsenal an Liftsystemen von 100 bis 400 Tonnen zur Verf\u00fcgung. Dabei ist jede Kombination m\u00f6glich. Die Liftsysteme bieten bedeutende Vorteile in Situationen, in denen ein beschr\u00e4nktes Platzangebot gegeben ist und ein gro\u00dfes Hubverm\u00f6gen n\u00f6tig ist. N\u00f6tigenfalls kommen Schlittensysteme zum Einsatz.<\/p>\n<p>Zudem verf\u00fcgt Rensink Almelo BV \u00fcber einen gro\u00dfen Staplerpark mit Kapazit\u00e4ten von 5 bis 17 Tonnen. F\u00fcr diese Stapler stehen nat\u00fcrlich verschiedene Hilfs- und Aufsatzteile zur Verf\u00fcgung.<\/p>\n","protected":false},"excerpt":{"rendered":"<p>Infolge des Maschinentransports ist das Bed\u00fcrfnis entstanden, diese Ladungen auch auf- und abzuladen. Das Auf- und Abladen erfolgt mit schweren Autoladekr\u00e4nen; f\u00fcr komplexe und schwere Ladungen steht allerdings ein Arsenal an Liftsystemen von 100 bis 400 Tonnen zur Verf\u00fcgung. Dabei ist jede Kombination m\u00f6glich. Die Liftsysteme bieten bedeutende Vorteile in Situationen, in denen ein beschr\u00e4nktes &hellip;<\/p>\n","protected":false},"author":1,"featured_media":955,"parent":777,"menu_order":0,"comment_status":"closed","ping_status":"closed","template":"","meta":{"_acf_changed":false,"footnotes":""},"class_list":["post-767","page","type-page","status-publish","has-post-thumbnail","hentry"],"acf":[],"yoast_head":"<!-- This site is optimized with the Yoast SEO plugin v24.7 - https:\/\/yoast.com\/wordpress\/plugins\/seo\/ -->\n<title>Hebetechnik - Rensink Almelo<\/title>\n<meta name=\"robots\" content=\"index, follow, max-snippet:-1, max-image-preview:large, max-video-preview:-1\" \/>\n<link rel=\"canonical\" href=\"http:\/\/rensink.nl\/de\/diensten\/speciale-hijswerken\/\" \/>\n<meta property=\"og:locale\" content=\"de_DE\" \/>\n<meta property=\"og:type\" content=\"article\" \/>\n<meta property=\"og:title\" content=\"Hebetechnik - Rensink Almelo\" \/>\n<meta property=\"og:description\" content=\"Infolge des Maschinentransports ist das Bed\u00fcrfnis entstanden, diese Ladungen auch auf- und abzuladen. Das Auf- und Abladen erfolgt mit schweren Autoladekr\u00e4nen; f\u00fcr komplexe und schwere Ladungen steht allerdings ein Arsenal an Liftsystemen von 100 bis 400 Tonnen zur Verf\u00fcgung. Dabei ist jede Kombination m\u00f6glich. Die Liftsysteme bieten bedeutende Vorteile in Situationen, in denen ein beschr\u00e4nktes &hellip;\" \/>\n<meta property=\"og:url\" content=\"http:\/\/rensink.nl\/de\/diensten\/speciale-hijswerken\/\" \/>\n<meta property=\"og:site_name\" content=\"Rensink Almelo\" \/>\n<meta property=\"article:modified_time\" content=\"2015-12-04T09:20:47+00:00\" \/>\n<meta property=\"og:image\" content=\"http:\/\/rensink.nl\/wp-content\/uploads\/2015\/10\/speciale-hijswerken-2.jpg\" \/>\n\t<meta property=\"og:image:width\" content=\"1024\" \/>\n\t<meta property=\"og:image:height\" content=\"768\" \/>\n\t<meta property=\"og:image:type\" content=\"image\/jpeg\" \/>\n<meta name=\"twitter:card\" content=\"summary_large_image\" \/>\n<meta name=\"twitter:label1\" content=\"Gesch\u00e4tzte Lesezeit\" \/>\n\t<meta name=\"twitter:data1\" content=\"1\u00a0Minute\" \/>\n<script type=\"application\/ld+json\" class=\"yoast-schema-graph\">{\"@context\":\"https:\/\/schema.org\",\"@graph\":[{\"@type\":\"WebPage\",\"@id\":\"http:\/\/rensink.nl\/de\/diensten\/speciale-hijswerken\/\",\"url\":\"http:\/\/rensink.nl\/de\/diensten\/speciale-hijswerken\/\",\"name\":\"Hebetechnik - Rensink Almelo\",\"isPartOf\":{\"@id\":\"https:\/\/rensink.nl\/#website\"},\"primaryImageOfPage\":{\"@id\":\"http:\/\/rensink.nl\/de\/diensten\/speciale-hijswerken\/#primaryimage\"},\"image\":{\"@id\":\"http:\/\/rensink.nl\/de\/diensten\/speciale-hijswerken\/#primaryimage\"},\"thumbnailUrl\":\"http:\/\/rensink.nl\/wp-content\/uploads\/2015\/10\/speciale-hijswerken-2.jpg\",\"datePublished\":\"2015-10-20T11:21:19+00:00\",\"dateModified\":\"2015-12-04T09:20:47+00:00\",\"breadcrumb\":{\"@id\":\"http:\/\/rensink.nl\/de\/diensten\/speciale-hijswerken\/#breadcrumb\"},\"inLanguage\":\"de\",\"potentialAction\":[{\"@type\":\"ReadAction\",\"target\":[\"http:\/\/rensink.nl\/de\/diensten\/speciale-hijswerken\/\"]}]},{\"@type\":\"ImageObject\",\"inLanguage\":\"de\",\"@id\":\"http:\/\/rensink.nl\/de\/diensten\/speciale-hijswerken\/#primaryimage\",\"url\":\"http:\/\/rensink.nl\/wp-content\/uploads\/2015\/10\/speciale-hijswerken-2.jpg\",\"contentUrl\":\"http:\/\/rensink.nl\/wp-content\/uploads\/2015\/10\/speciale-hijswerken-2.jpg\",\"width\":1024,\"height\":768},{\"@type\":\"BreadcrumbList\",\"@id\":\"http:\/\/rensink.nl\/de\/diensten\/speciale-hijswerken\/#breadcrumb\",\"itemListElement\":[{\"@type\":\"ListItem\",\"position\":1,\"name\":\"Home\",\"item\":\"http:\/\/rensink.nl\/de\/\"},{\"@type\":\"ListItem\",\"position\":2,\"name\":\"Diensten\",\"item\":\"http:\/\/rensink.nl\/de\/diensten\/\"},{\"@type\":\"ListItem\",\"position\":3,\"name\":\"Hebetechnik\"}]},{\"@type\":\"WebSite\",\"@id\":\"https:\/\/rensink.nl\/#website\",\"url\":\"https:\/\/rensink.nl\/\",\"name\":\"Rensink Almelo\",\"description\":\"Transport &amp; Relocations\",\"potentialAction\":[{\"@type\":\"SearchAction\",\"target\":{\"@type\":\"EntryPoint\",\"urlTemplate\":\"https:\/\/rensink.nl\/?s={search_term_string}\"},\"query-input\":{\"@type\":\"PropertyValueSpecification\",\"valueRequired\":true,\"valueName\":\"search_term_string\"}}],\"inLanguage\":\"de\"}]}<\/script>\n<!-- \/ Yoast SEO plugin. -->","yoast_head_json":{"title":"Hebetechnik - Rensink Almelo","robots":{"index":"index","follow":"follow","max-snippet":"max-snippet:-1","max-image-preview":"max-image-preview:large","max-video-preview":"max-video-preview:-1"},"canonical":"http:\/\/rensink.nl\/de\/diensten\/speciale-hijswerken\/","og_locale":"de_DE","og_type":"article","og_title":"Hebetechnik - Rensink Almelo","og_description":"Infolge des Maschinentransports ist das Bed\u00fcrfnis entstanden, diese Ladungen auch auf- und abzuladen. Das Auf- und Abladen erfolgt mit schweren Autoladekr\u00e4nen; f\u00fcr komplexe und schwere Ladungen steht allerdings ein Arsenal an Liftsystemen von 100 bis 400 Tonnen zur Verf\u00fcgung. Dabei ist jede Kombination m\u00f6glich. Die Liftsysteme bieten bedeutende Vorteile in Situationen, in denen ein beschr\u00e4nktes &hellip;","og_url":"http:\/\/rensink.nl\/de\/diensten\/speciale-hijswerken\/","og_site_name":"Rensink Almelo","article_modified_time":"2015-12-04T09:20:47+00:00","og_image":[{"width":1024,"height":768,"url":"http:\/\/rensink.nl\/wp-content\/uploads\/2015\/10\/speciale-hijswerken-2.jpg","type":"image\/jpeg"}],"twitter_card":"summary_large_image","twitter_misc":{"Gesch\u00e4tzte Lesezeit":"1\u00a0Minute"},"schema":{"@context":"https:\/\/schema.org","@graph":[{"@type":"WebPage","@id":"http:\/\/rensink.nl\/de\/diensten\/speciale-hijswerken\/","url":"http:\/\/rensink.nl\/de\/diensten\/speciale-hijswerken\/","name":"Hebetechnik - Rensink Almelo","isPartOf":{"@id":"https:\/\/rensink.nl\/#website"},"primaryImageOfPage":{"@id":"http:\/\/rensink.nl\/de\/diensten\/speciale-hijswerken\/#primaryimage"},"image":{"@id":"http:\/\/rensink.nl\/de\/diensten\/speciale-hijswerken\/#primaryimage"},"thumbnailUrl":"http:\/\/rensink.nl\/wp-content\/uploads\/2015\/10\/speciale-hijswerken-2.jpg","datePublished":"2015-10-20T11:21:19+00:00","dateModified":"2015-12-04T09:20:47+00:00","breadcrumb":{"@id":"http:\/\/rensink.nl\/de\/diensten\/speciale-hijswerken\/#breadcrumb"},"inLanguage":"de","potentialAction":[{"@type":"ReadAction","target":["http:\/\/rensink.nl\/de\/diensten\/speciale-hijswerken\/"]}]},{"@type":"ImageObject","inLanguage":"de","@id":"http:\/\/rensink.nl\/de\/diensten\/speciale-hijswerken\/#primaryimage","url":"http:\/\/rensink.nl\/wp-content\/uploads\/2015\/10\/speciale-hijswerken-2.jpg","contentUrl":"http:\/\/rensink.nl\/wp-content\/uploads\/2015\/10\/speciale-hijswerken-2.jpg","width":1024,"height":768},{"@type":"BreadcrumbList","@id":"http:\/\/rensink.nl\/de\/diensten\/speciale-hijswerken\/#breadcrumb","itemListElement":[{"@type":"ListItem","position":1,"name":"Home","item":"http:\/\/rensink.nl\/de\/"},{"@type":"ListItem","position":2,"name":"Diensten","item":"http:\/\/rensink.nl\/de\/diensten\/"},{"@type":"ListItem","position":3,"name":"Hebetechnik"}]},{"@type":"WebSite","@id":"https:\/\/rensink.nl\/#website","url":"https:\/\/rensink.nl\/","name":"Rensink Almelo","description":"Transport &amp; Relocations","potentialAction":[{"@type":"SearchAction","target":{"@type":"EntryPoint","urlTemplate":"https:\/\/rensink.nl\/?s={search_term_string}"},"query-input":{"@type":"PropertyValueSpecification","valueRequired":true,"valueName":"search_term_string"}}],"inLanguage":"de"}]}},"_links":{"self":[{"href":"http:\/\/rensink.nl\/de\/wp-json\/wp\/v2\/pages\/767","targetHints":{"allow":["GET"]}}],"collection":[{"href":"http:\/\/rensink.nl\/de\/wp-json\/wp\/v2\/pages"}],"about":[{"href":"http:\/\/rensink.nl\/de\/wp-json\/wp\/v2\/types\/page"}],"author":[{"embeddable":true,"href":"http:\/\/rensink.nl\/de\/wp-json\/wp\/v2\/users\/1"}],"replies":[{"embeddable":true,"href":"http:\/\/rensink.nl\/de\/wp-json\/wp\/v2\/comments?post=767"}],"version-history":[{"count":4,"href":"http:\/\/rensink.nl\/de\/wp-json\/wp\/v2\/pages\/767\/revisions"}],"predecessor-version":[{"id":1053,"href":"http:\/\/rensink.nl\/de\/wp-json\/wp\/v2\/pages\/767\/revisions\/1053"}],"up":[{"embeddable":true,"href":"http:\/\/rensink.nl\/de\/wp-json\/wp\/v2\/pages\/777"}],"wp:featuredmedia":[{"embeddable":true,"href":"http:\/\/rensink.nl\/de\/wp-json\/wp\/v2\/media\/955"}],"wp:attachment":[{"href":"http:\/\/rensink.nl\/de\/wp-json\/wp\/v2\/media?parent=767"}],"curies":[{"name":"wp","href":"https:\/\/api.w.org\/{rel}","templated":true}]}}